{"id":93,"date":"2016-02-06T11:13:43","date_gmt":"2016-02-06T10:13:43","guid":{"rendered":"http:\/\/spielekoffer24.de\/?post_type=product&#038;p=93"},"modified":"2021-12-27T11:14:04","modified_gmt":"2021-12-27T10:14:04","slug":"13-dominion-trennkarten-fuer-die-alchemisten","status":"publish","type":"product","link":"https:\/\/spielekoffer24.de\/index.php\/produkt\/13-dominion-trennkarten-fuer-die-alchemisten\/","title":{"rendered":"13 Dominion-Trennkarten f\u00fcr &#8220;Die Alchemisten&#8221;"},"content":{"rendered":"<p><strong>13 Alchemisten\u00a0<\/strong><span class=\"s2\"><strong>Trennkarten (Dominion-Erweiterung Die Alchemisten)\u00a0f\u00fcr deinen Dominion-Koffer!<\/strong><\/span><\/p>\n<p>Erhalte 13 Trennkarten zum alphabetischen einsortieren der K\u00f6nigreichkarten des Dominionspiels &#8220;Die Alchemisten&#8221;. Auf den Trennkarten findet man zudem die Regeln zur jeweiligen K\u00f6nigreichskarte, so dass ein langwieriges Suchen auf den Seiten zu den Spielregeln \u00fcberfl\u00fcssig wird.<\/p>\n<p><strong>Trennkarten-Details:<\/strong><\/p>\n<ul type=\"disc\">\n<li>Ma\u00dfe: 10,5 cm x 5,9 cm<\/li>\n<li>Material: 300g Papier \/ Pappe<\/li>\n<li>Druck: Digitaldruck, seidenmatt<\/li>\n<\/ul>\n<p><strong>Lieferumfang:<\/strong><\/p>\n<ul>\n<li>13 Trennkarten &#8220;Die Alchemisten&#8221; &#8211; (12 K\u00f6nigreichkarten und eine Trennkarte f\u00fcr den Trank)<\/li>\n<\/ul>\n<p><strong>Unsere Empfehlung: Der Dominion-Koffer\u00a0<\/strong><\/p>\n<p>Einfaches Sortieren der Dominion-Karten und schneller Aufbau der Spiele!\u00a0In unseren hochwertigen Dominion-Koffer passen alle Spielkarten der bisher existierenden Dominion-Editionen. \u00a0Mit den passenden Trennkarten kannst du ganz einfach deine Dominionkarten schnell und einfach sortieren. Mit dem Dominion-Koffer bist du stets organisiert und mobil.<\/p>\n<p>Unseren Dominion-Koffer findest du <a href=\"https:\/\/spielekoffer24.de\/index.php\/produkt\/dominion-koffer\/\">hier<\/a>.<\/p>\n<p>Suchst du nicht nur nach einem Dominion-Koffer sondern auch nach weiteren Trennkarten? Dann empfehlen wir unser Dominion-Koffer-Set 1 mit einem kompletten Set von Dominion Trennkarten.<\/p>\n<p>Unser Dominion-Koffer-Set 1 findest du\u00a0<a href=\"https:\/\/spielekoffer24.de\/index.php\/produkt\/dominion-koffer-inkl-dominion-trennkarten-set-253-stk\/\">hier<\/a>.<\/p>\n","protected":false},"excerpt":{"rendered":"<p>13 Alchemisten\u00a0<span class=\"s2\">Trennkarten (Dominion-Erweiterung Die Alchemisten)\u00a0f\u00fcr deinen Dominion-Koffer!<\/span><\/p>\n<p>&nbsp;<\/p>\n","protected":false},"featured_media":11966,"comment_status":"open","ping_status":"closed","template":"","meta":[],"product_cat":[19],"product_tag":[],"class_list":["post-93","product","type-product","status-publish","has-post-thumbnail","hentry","product_cat-dominion","product_shipping_class-trennkarten"],"aioseo_notices":[],"_links":{"self":[{"href":"https:\/\/spielekoffer24.de\/index.php\/wp-json\/wp\/v2\/product\/93","targetHints":{"allow":["GET"]}}],"collection":[{"href":"https:\/\/spielekoffer24.de\/index.php\/wp-json\/wp\/v2\/product"}],"about":[{"href":"https:\/\/spielekoffer24.de\/index.php\/wp-json\/wp\/v2\/types\/product"}],"replies":[{"embeddable":true,"href":"https:\/\/spielekoffer24.de\/index.php\/wp-json\/wp\/v2\/comments?post=93"}],"wp:featuredmedia":[{"embeddable":true,"href":"https:\/\/spielekoffer24.de\/index.php\/wp-json\/wp\/v2\/media\/11966"}],"wp:attachment":[{"href":"https:\/\/spielekoffer24.de\/index.php\/wp-json\/wp\/v2\/media?parent=93"}],"wp:term":[{"taxonomy":"product_cat","embeddable":true,"href":"https:\/\/spielekoffer24.de\/index.php\/wp-json\/wp\/v2\/product_cat?post=93"},{"taxonomy":"product_tag","embeddable":true,"href":"https:\/\/spielekoffer24.de\/index.php\/wp-json\/wp\/v2\/product_tag?post=93"}],"curies":[{"name":"wp","href":"https:\/\/api.w.org\/{rel}","templated":true}]}}