{"id":90,"date":"2016-02-06T11:00:13","date_gmt":"2016-02-06T10:00:13","guid":{"rendered":"http:\/\/spielekoffer24.de\/?post_type=product&#038;p=90"},"modified":"2025-01-19T20:01:57","modified_gmt":"2025-01-19T19:01:57","slug":"57-dominion-trennkarten-fuer-was-fuer-eine-welt-und-die-intrige","status":"publish","type":"product","link":"https:\/\/spielekoffer24.de\/index.php\/produkt\/57-dominion-trennkarten-fuer-was-fuer-eine-welt-und-die-intrige\/","title":{"rendered":"57 Dominion-Trennkarten f\u00fcr &#8220;Was f\u00fcr eine Welt&#8221; und &#8220;Die Intrige&#8221; 1. und 2. Edition"},"content":{"rendered":"<p><strong>57 Trennkarten f\u00fcr Dominion-Erweiterungen &#8220;Was f\u00fcr eine Welt&#8221; und &#8220;Die Intrige&#8221;, perfekt f\u00fcr deinen Dominion-Koffer!<\/strong><\/p>\n<p>Unsere 57 Trennkarten helfen dir beim alphabetischen einsortieren der K\u00f6nigreichskarten der Dominionspielen &#8220;Was f\u00fcr eine Welt&#8221; und &#8220;Intrige&#8221;.\u00a0Als Bonus sind auf \u00a0den Trennkarten die Regeln zur jeweiligen K\u00f6nigsreichskarte zu finden, so bleibt dir langwieriges Suchen nach den Dominion Spielregeln erspart.<\/p>\n<p><strong>Trennkarten-Details:<\/strong><\/p>\n<ul type=\"disc\">\n<li>Ma\u00dfe: 10,5 cm x 5,9 cm<\/li>\n<li>Material: 300g Papier \/ Pappe<\/li>\n<li>Druck: Digitaldruck, seidenmatt<\/li>\n<\/ul>\n<p><strong>Lieferumfang:<\/strong><\/p>\n<ul>\n<li>32 Trennkarten f\u00fcr die Dominion Erweiterung &#8220;Was f\u00fcr eine Welt&#8221;\n<ul>\n<li>25 \u00a0K\u00f6nigsreichkarten<\/li>\n<li>7 Trennkarten f\u00fcr Geld, Punkte und Fluch<\/li>\n<\/ul>\n<\/li>\n<li>25 Trennkarten &#8220;Die Intrige&#8221;<\/li>\n<\/ul>\n<p><strong>Unsere Empfehlung: Der Dominion-Koffer\u00a0<\/strong><\/p>\n<p>Einfaches Sortieren der Dominion-Karten und schneller Aufbau der Spiele!\u00a0In unseren hochwertigen Dominion-Koffer passen alle Spielkarten der bisher existierenden Dominion-Editionen. \u00a0Mit den passenden Trennkarten kannst du ganz einfach deine Dominionkarten schnell und einfach sortieren. Mit dem Dominion-Koffer bist du stets organisiert und mobil.<\/p>\n<p>Unseren Dominion-Koffer findest du <a href=\"https:\/\/spielekoffer24.de\/index.php\/produkt\/dominion-koffer\/\">hier<\/a>.<\/p>\n<p>Suchst du nicht nur nach einem Dominion-Koffer sondern auch nach weiteren Trennkarten? Dann empfehlen wir unser Dominion-Koffer-Set 1 mit einem kompletten Set von Dominion-Trennkarten.<\/p>\n<p>Unser Dominion-Koffer-Set 1 findest du <a href=\"https:\/\/spielekoffer24.de\/index.php\/produkt\/dominion-koffer-inkl-dominion-trennkarten-set-253-stk\/\">hier<\/a>.<\/p>\n","protected":false},"excerpt":{"rendered":"<p>Unsere 32 Trennkarten zum alphabetischen einsortieren der K\u00f6nigreichkarten der Dominionspiele\u00a0<strong>\u201cWas f\u00fcr eine Welt\u201d <\/strong>und<strong> &#8220;Die Intrige&#8221;<\/strong>.<\/p>\n","protected":false},"featured_media":11974,"comment_status":"open","ping_status":"closed","template":"","meta":[],"product_cat":[19,34],"product_tag":[31,25],"class_list":["post-90","product","type-product","status-publish","has-post-thumbnail","hentry","product_cat-dominion","product_cat-trennkarten","product_tag-mobil","product_tag-trennkarten","product_shipping_class-trennkarten"],"aioseo_notices":[],"_links":{"self":[{"href":"https:\/\/spielekoffer24.de\/index.php\/wp-json\/wp\/v2\/product\/90","targetHints":{"allow":["GET"]}}],"collection":[{"href":"https:\/\/spielekoffer24.de\/index.php\/wp-json\/wp\/v2\/product"}],"about":[{"href":"https:\/\/spielekoffer24.de\/index.php\/wp-json\/wp\/v2\/types\/product"}],"replies":[{"embeddable":true,"href":"https:\/\/spielekoffer24.de\/index.php\/wp-json\/wp\/v2\/comments?post=90"}],"wp:featuredmedia":[{"embeddable":true,"href":"https:\/\/spielekoffer24.de\/index.php\/wp-json\/wp\/v2\/media\/11974"}],"wp:attachment":[{"href":"https:\/\/spielekoffer24.de\/index.php\/wp-json\/wp\/v2\/media?parent=90"}],"wp:term":[{"taxonomy":"product_cat","embeddable":true,"href":"https:\/\/spielekoffer24.de\/index.php\/wp-json\/wp\/v2\/product_cat?post=90"},{"taxonomy":"product_tag","embeddable":true,"href":"https:\/\/spielekoffer24.de\/index.php\/wp-json\/wp\/v2\/product_tag?post=90"}],"curies":[{"name":"wp","href":"https:\/\/api.w.org\/{rel}","templated":true}]}}