{"id":88,"date":"2016-02-06T10:55:47","date_gmt":"2016-02-06T09:55:47","guid":{"rendered":"http:\/\/spielekoffer24.de\/?post_type=product&#038;p=88"},"modified":"2025-01-19T20:38:57","modified_gmt":"2025-01-19T19:38:57","slug":"dominion-trennkarten-set-alle-editionen-296-stk","status":"publish","type":"product","link":"https:\/\/spielekoffer24.de\/index.php\/produkt\/dominion-trennkarten-set-alle-editionen-296-stk\/","title":{"rendered":"Dominion-Trennkarten Set (526 Stk.)"},"content":{"rendered":"<p><strong>Dominion: Trennkarten f\u00fcr den Dominion-Koffer!<\/strong><br \/>\n526 Dominion-Trennkarten zum alphabetischen Einsortieren der Karten aller Dominion Basisspiele und Erweiterungen. Auf den Trennkarten findet man die Regeln zur jeweiligen K\u00f6nigreichkarte.<\/p>\n<p><strong>Lieferumfang:<\/strong><\/p>\n<ul>\n<li>Dominion-Koffer mit hochwertigen Holzinlay<\/li>\n<li>32 + 7 Trennkarten Dominion \u201cWas f\u00fcr eine Welt 1. und 2. Edition\u201d (25 + 7 Trennkarten f\u00fcr die K\u00f6nigreichkarten und 7 Trennkarten f\u00fcr Geld, Punkte und Fluch)<\/li>\n<li>25 + 7 Trennkarten Dominion \u201cDie Intrige 1. und 2. Edition\u201d<\/li>\n<li>26 + 9 Trennkarten Dominion \u201cSeaside 1. und 2. Edition\u201d<\/li>\n<li>13 Trennkarten Dominion\u00a0\u201cDie Alchemisten\u201d (12 K\u00f6nigreichkarten und eine Trennkarte f\u00fcr den Trank)<\/li>\n<li>27 + 9 Trennkarten Dominion \u201cBl\u00fctezeit 1. und 2. Edition \u201d (23 + 9 K\u00f6nigreichkarten und 2 Trennkarten f\u00fcr Platin und Kolonie)<\/li>\n<li>14 Trennkarten Dominion \u201cReiche Ernte\u201d (13 K\u00f6nigreichkarten und eine Trennkarte f\u00fcr Preis Karten)<\/li>\n<li>26 + 9 Trennkarten Dominion \u201cHinterland 1. und 2. Edition\u201d<\/li>\n<li>26 Trennkarten \u00a0Dominion \u201cEmpires 1. und 2. Edition\u201d<\/li>\n<li>38 Trennkarten Dominion \u201cDark Ages\u201d (35 K\u00f6nigreichkarten und 3 Trennkarten f\u00fcr Unterschlupf, Ruinen und Beute)<\/li>\n<li>13 Trennkarten Dominion \u201cDie Gilden\u201d<\/li>\n<li>33 Trennkarten Dominion \u201cAbenteuer\u201d<\/li>\n<li>12 Trennkarten f\u00fcr die Dominion Erweiterung \u201cPromotion\u201d (Gesandter, Carcassone, Gouverneur, \u00a0Schwarzmarkt (2x), Geldversteck, Prinz, Sauna \/ Eisloch, Abbruch, Schweriner Dom, Kapit\u00e4n Tobias, befestigtes Dorf)<\/li>\n<li>39 Trennkarten f\u00fcr die Dominion Erweiterung \u201cNocturne\u201d<\/li>\n<li>27 Trennkarten f\u00fcr die Dominion Erweiterung\u00a0\u201cRenaissance\u201d<\/li>\n<li>34 Trennkarten f\u00fcr die Dominion Erweiterung \u201cMenagerie\u201d<\/li>\n<li>32 Trennkarten f\u00fcr die Dominion Erweiterung \u201cVerb\u00fcndete\u201d<\/li>\n<li>43 Trennkarten f\u00fcr\u00a0 die Dominion Erweiterung &#8220;Pl\u00fcnderer&#8221;<\/li>\n<li>27 Trennkarten f\u00fcr\u00a0 die Dominion Erweiterung &#8220;Rising Sun&#8221;<\/li>\n<\/ul>\n<p>Schneller Aufbau der Spiele, praktische Aufbewahrung der Karten und einfacher Transport!<\/p>\n<p><strong>Trennkarten-Details:<\/strong><\/p>\n<ul type=\"disc\">\n<li>Ma\u00dfe: 10,5 cm x 5,9 cm<\/li>\n<li>Material: 300g Papier \/ Pappe<\/li>\n<li>Druck: Digitaldruck, seidenmatt<\/li>\n<\/ul>\n<p><strong>Unsere Empfehlung:<\/strong><\/p>\n<p>Suchst du auch noch einen \u00a0Dominion-Koffer? Mit unseren beliebten Dominion Koffer-Set 1 erh\u00e4ltst du nicht nur unsere 296 Dominion-Trennkarten zum alphabetischen Einsortieren aller Karten der Dominion Erweiterung sondern zus\u00e4tzlich unseren hochwertigen Dominion-Koffer. Das Angebot findest du <a href=\"https:\/\/spielekoffer24.de\/index.php\/produkt\/koffer-set-1-dominion-koffer-dominion-trennkarten-set-kopie\/\">hier<\/a>.<\/p>\n<p><strong>Aufbauanleitung (PDF): <a href=\"http:\/\/spielekoffer24.de\/wp-content\/uploads\/2016\/07\/Aufbauanleitung-Dominion-Koffer.pdf\" target=\"_blank\" rel=\"noopener noreferrer\">Aufbauanleitung Dominion-Koffer\u00a0<\/a><\/strong><\/p>\n","protected":false},"excerpt":{"rendered":"<p><strong>Dominion &#8211; 526 Trennkarten f\u00fcr deinen Dominion-Koffer!<\/strong><\/p>\n<p>Dominion spielen leicht gemacht! 526 Dominion-Trennkarten zum alphabetischen Einsortieren der Karten aller Dominion Basisspiele und Erweiterungen. Auf den Trennkarten findet man die Regeln zur jeweiligen K\u00f6nigreichkarte.<\/p>\n","protected":false},"featured_media":13007,"comment_status":"open","ping_status":"closed","template":"","meta":[],"product_cat":[19,32,34],"product_tag":[23,31,25],"class_list":["post-88","product","type-product","status-publish","has-post-thumbnail","hentry","product_cat-dominion","product_cat-set","product_cat-trennkarten","product_tag-dominion","product_tag-mobil","product_tag-trennkarten","product_shipping_class-trennkartenset"],"aioseo_notices":[],"_links":{"self":[{"href":"https:\/\/spielekoffer24.de\/index.php\/wp-json\/wp\/v2\/product\/88","targetHints":{"allow":["GET"]}}],"collection":[{"href":"https:\/\/spielekoffer24.de\/index.php\/wp-json\/wp\/v2\/product"}],"about":[{"href":"https:\/\/spielekoffer24.de\/index.php\/wp-json\/wp\/v2\/types\/product"}],"replies":[{"embeddable":true,"href":"https:\/\/spielekoffer24.de\/index.php\/wp-json\/wp\/v2\/comments?post=88"}],"wp:featuredmedia":[{"embeddable":true,"href":"https:\/\/spielekoffer24.de\/index.php\/wp-json\/wp\/v2\/media\/13007"}],"wp:attachment":[{"href":"https:\/\/spielekoffer24.de\/index.php\/wp-json\/wp\/v2\/media?parent=88"}],"wp:term":[{"taxonomy":"product_cat","embeddable":true,"href":"https:\/\/spielekoffer24.de\/index.php\/wp-json\/wp\/v2\/product_cat?post=88"},{"taxonomy":"product_tag","embeddable":true,"href":"https:\/\/spielekoffer24.de\/index.php\/wp-json\/wp\/v2\/product_tag?post=88"}],"curies":[{"name":"wp","href":"https:\/\/api.w.org\/{rel}","templated":true}]}}