{"id":82,"date":"2016-02-06T10:57:57","date_gmt":"2016-02-06T09:57:57","guid":{"rendered":"http:\/\/spielekoffer24.de\/?post_type=product&#038;p=82"},"modified":"2025-01-19T19:09:12","modified_gmt":"2025-01-19T18:09:12","slug":"dominion-abenteuer-erweiterung","status":"publish","type":"product","link":"https:\/\/spielekoffer24.de\/index.php\/produkt\/dominion-abenteuer-erweiterung\/","title":{"rendered":"Dominion &#8211; Abenteuer Erweiterung"},"content":{"rendered":"<p><b>Dominion<\/b><b> &#8211; Abenteuer Erweiterung<\/b><\/p>\n<p>Entweder ist dein Leben ein aufregendes Abenteuer oder auch nicht! Entweder hast du das Zeug zum Champion oder eben nicht! Auch wenn du dir noch nicht ganz sicher bis, wie du es mit deinem eigenen Leben h\u00e4ltst oder ob du etwas daran ver\u00e4ndern willst&#8230;jetzt ist die richtige Zeit gekommen, endlich eine Entscheidung zu treffen.<\/p>\n<p>Dein Vater w\u00e4re stolz auf dich, dass du dich endlich deiner ganz pers\u00f6nlichen Herausforderung stellst. Habe keine Furcht vor den Wagnissen des Lebens &#8211; ob Sumpfhexe oder Br\u00fcckentroll, Geisterw\u00e4lder oder diebischen Elstern&#8230;dein Leben ist dazu bestimmt, ein Abenteuer zu sein. Vertraue deinem Instinkt und du wirst als Held in die Heimat zur\u00fcckkehren.<\/p>\n<p>Diese neue Dominion-Erweiterung enth\u00e4lt 400 neue Karten, 60 Spielmarker und 6 Spieltableaus.<\/p>\n<p><b>ACHTUNG: Abenteuer ist eine <\/b><b>Dominion<\/b><b>-Erweiterung und kann nur zusammen mit einem Basisspiel oder den Basiskarten gespielt werden. Das Spiel ist mit allen <\/b><b>Dominion<\/b><b>-Erweiterungen kombinierbar.<\/b><\/p>\n<p><b>Dominion<\/b><b> &#8211; Abenteuer Erweiterung<\/b>, ein Spiel f\u00fcr\u00a0<b>2 bis 4 Spieler<\/b>\u00a0im Alter von\u00a0<b>13 bis 100 Jahren<\/b>.<\/p>\n<p>Autor:\u00a0<a href=\"https:\/\/www.spiele-offensive.de\/ass\/index.php?cmd=ass_suchergebnis&amp;suchwort=Donald+X.+Vaccarino\">Donald X. Vaccarino<\/a><\/p>\n","protected":false},"excerpt":{"rendered":"<p><b>Dominion<\/b><b> &#8211; Abenteuer Erweiterung<\/b><\/p>\n<p>Diese neue Dominion-Erweiterung enth\u00e4lt 400 neue Karten, 60 Spielmarker und 6 Spieltableaus.<\/p>\n<p>Dein Vater w\u00e4re stolz auf dich, dass du dich endlich deiner ganz pers\u00f6nlichen Herausforderung stellst. Habe keine Furcht vor de<br \/>\n<b>ACHTUNG: Abenteuer ist eine <\/b><b>Dominion<\/b><b>-Erweiterung und kann nur zusammen mit einem Basisspiel oder den Basiskarten gespielt werden. Das Spiel ist mit allen <\/b><b>Dominion<\/b><b>-Erweiterungen kombinierbar.<\/b><\/p>\n<p><b>Dominion<\/b><b> &#8211; Abenteuer Erweiterung<\/b>, ein Spiel f\u00fcr\u00a0<b>2 bis 4 Spieler<\/b>\u00a0im Alter von\u00a0<b>13 bis 100 Jahren<\/b>.<\/p>\n","protected":false},"featured_media":83,"comment_status":"open","ping_status":"closed","template":"","meta":[],"product_cat":[19,35],"product_tag":[27,28],"class_list":["post-82","product","type-product","status-publish","has-post-thumbnail","hentry","product_cat-dominion","product_cat-spiele","product_tag-abenteuer","product_tag-erweiterung","product_shipping_class-koffer"],"aioseo_notices":[],"_links":{"self":[{"href":"https:\/\/spielekoffer24.de\/index.php\/wp-json\/wp\/v2\/product\/82","targetHints":{"allow":["GET"]}}],"collection":[{"href":"https:\/\/spielekoffer24.de\/index.php\/wp-json\/wp\/v2\/product"}],"about":[{"href":"https:\/\/spielekoffer24.de\/index.php\/wp-json\/wp\/v2\/types\/product"}],"replies":[{"embeddable":true,"href":"https:\/\/spielekoffer24.de\/index.php\/wp-json\/wp\/v2\/comments?post=82"}],"wp:featuredmedia":[{"embeddable":true,"href":"https:\/\/spielekoffer24.de\/index.php\/wp-json\/wp\/v2\/media\/83"}],"wp:attachment":[{"href":"https:\/\/spielekoffer24.de\/index.php\/wp-json\/wp\/v2\/media?parent=82"}],"wp:term":[{"taxonomy":"product_cat","embeddable":true,"href":"https:\/\/spielekoffer24.de\/index.php\/wp-json\/wp\/v2\/product_cat?post=82"},{"taxonomy":"product_tag","embeddable":true,"href":"https:\/\/spielekoffer24.de\/index.php\/wp-json\/wp\/v2\/product_tag?post=82"}],"curies":[{"name":"wp","href":"https:\/\/api.w.org\/{rel}","templated":true}]}}