{"id":73,"date":"2016-02-04T22:34:44","date_gmt":"2016-02-04T21:34:44","guid":{"rendered":"http:\/\/spielekoffer24.de\/?post_type=product&#038;p=73"},"modified":"2026-04-11T08:40:57","modified_gmt":"2026-04-11T06:40:57","slug":"dominion-koffer","status":"publish","type":"product","link":"https:\/\/spielekoffer24.de\/index.php\/produkt\/dominion-koffer\/","title":{"rendered":"Dominion-Koffer"},"content":{"rendered":"<p>Bitte beachten: NUR NOCH 2 KOFFER SIND AKTUELL IM LAGER<\/p>\n<p>&nbsp;<\/p>\n<p>Dominion-Koffer f\u00fcr alle bisher existierenden Dominion-Spiele, Dominion-Erweiterungen, Promokarten und Dominion-Trennkarten. In den Koffer passen die Spielkarten alle Dominion-Editionen hinein und k\u00f6nnen bequem aufbewahrt transportiert werden.<\/p>\n<div id=\"descriptionAndDetails\" class=\"a-section a-spacing-extra-large\">\n<div id=\"productDescription_feature_div\" class=\"feature\" data-feature-name=\"productDescription\">\n<div id=\"productDescription_feature_div\" class=\"a-row feature\" data-feature-name=\"productDescription\" data-template-name=\"productDescription\">\n<div id=\"productDescription\" class=\"a-section a-spacing-small prodDescWidth\">\n<p>Dominion spielen leicht gemacht! Mit diesem hochwertig hergestellten Koffer-Sortiersystem f\u00fcr DOMINION sind alle Transportprobleme des beliebten Kartenspiels gel\u00f6st. Der Koffer erm\u00f6glicht das Aufbewahren und Sortieren von den beiden DOMINION Basisspielen, allen Erweiterungen, Promokarten, sowie Tableaus und M\u00fcnzen.<\/p>\n<\/div>\n<p><strong>Wie viel passt in den Dominion-Koffer? <\/strong><\/p>\n<p>Es finden <strong>3.500 Karten <\/strong>(Spiel- und Trennkarten), sowie <strong>Tableaus und Marker <\/strong>Platz in unserem Dominion-Koffer.<\/p>\n<div id=\"productDescription\" class=\"a-section a-spacing-small prodDescWidth\">\n<p><strong>Lieferumfang:<\/strong><\/p>\n<ul>\n<li>Dominion-Koffer<\/li>\n<li>Hochwertiges Holzinlay<\/li>\n<\/ul>\n<\/div>\n<\/div>\n<p><strong>Unsere Empfehlung:<\/strong><\/p>\n<p>Suchst Du auch noch nach Trennkarten? Dann empfehlen wir unser Koffer-Set 1. Mit unseren beliebten Dominion Koffer-Set 1 erh\u00e4ltst du nicht unseren hochwertigen Dominion-Koffer sondern zus\u00e4tzlich noch 294 Dominion-Trennkarten zum alphabetischen Einsortieren aller Karten der Dominion Erweiterungen. Das Angebot findest du <a href=\"https:\/\/spielekoffer24.de\/index.php\/produkt\/koffer-set-1-dominion-koffer-dominion-trennkarten-set-kopie\/\">hier<\/a>.<\/p>\n<div id=\"productDescription_feature_div\" class=\"a-row feature\" data-feature-name=\"productDescription\" data-template-name=\"productDescription\">\n<div id=\"productDescription\" class=\"a-section a-spacing-small prodDescWidth\">\n<p><strong>Aufbauanleitung (PDF): <\/strong><a href=\"http:\/\/spielekoffer24.de\/wp-content\/uploads\/2016\/07\/Aufbauanleitung-Dominion-Koffer.pdf\" target=\"_blank\" rel=\"noopener noreferrer\">Aufbauanleitung Dominion-Koffer\u00a0<\/a><\/p>\n<\/div>\n<\/div>\n<\/div>\n<\/div>\n","protected":false},"excerpt":{"rendered":"<p><strong>\u201eAd\u00e9 Karten-Chaos, Hallo Ordnung.\u201c<\/strong><\/p>\n<p>Unser Dominion-Koffer ist unser stabiler Koffer mit Holzinlay, f\u00fcr das einfache und sichere aufbewahren all deiner Dominion-Karten.<\/p>\n","protected":false},"featured_media":331,"comment_status":"open","ping_status":"closed","template":"","meta":[],"product_cat":[19,33],"product_tag":[23,24,31,30],"class_list":["post-73","product","type-product","status-publish","has-post-thumbnail","hentry","product_cat-dominion","product_cat-koffer","product_tag-dominion","product_tag-koffer","product_tag-mobil","product_tag-transport","product_shipping_class-koffer"],"aioseo_notices":[],"_links":{"self":[{"href":"https:\/\/spielekoffer24.de\/index.php\/wp-json\/wp\/v2\/product\/73","targetHints":{"allow":["GET"]}}],"collection":[{"href":"https:\/\/spielekoffer24.de\/index.php\/wp-json\/wp\/v2\/product"}],"about":[{"href":"https:\/\/spielekoffer24.de\/index.php\/wp-json\/wp\/v2\/types\/product"}],"replies":[{"embeddable":true,"href":"https:\/\/spielekoffer24.de\/index.php\/wp-json\/wp\/v2\/comments?post=73"}],"wp:featuredmedia":[{"embeddable":true,"href":"https:\/\/spielekoffer24.de\/index.php\/wp-json\/wp\/v2\/media\/331"}],"wp:attachment":[{"href":"https:\/\/spielekoffer24.de\/index.php\/wp-json\/wp\/v2\/media?parent=73"}],"wp:term":[{"taxonomy":"product_cat","embeddable":true,"href":"https:\/\/spielekoffer24.de\/index.php\/wp-json\/wp\/v2\/product_cat?post=73"},{"taxonomy":"product_tag","embeddable":true,"href":"https:\/\/spielekoffer24.de\/index.php\/wp-json\/wp\/v2\/product_tag?post=73"}],"curies":[{"name":"wp","href":"https:\/\/api.w.org\/{rel}","templated":true}]}}