{"id":580,"date":"2016-09-09T11:13:15","date_gmt":"2016-09-09T09:13:15","guid":{"rendered":"http:\/\/spielekoffer24.de\/index.php\/produkt\/magic-koffer\/"},"modified":"2024-12-02T15:58:13","modified_gmt":"2024-12-02T14:58:13","slug":"magic-koffer","status":"publish","type":"product","link":"https:\/\/spielekoffer24.de\/index.php\/produkt\/magic-koffer\/","title":{"rendered":"Magic the Gathering-Koffer (Kein Dominion-Koffer)"},"content":{"rendered":"<p>Bitte beachten: NUR NOCH 2 KOFFER SIND AKTUELL IM LAGER<\/p>\n<p>&nbsp;<\/p>\n<p class=\"p1\"><span class=\"s2\">Unser Magic the Gathering-Koffer ist perfekt f\u00fcr alle Magic The Gathering Karten. <\/span><\/p>\n<p class=\"p1\"><span class=\"s2\">Der Koffer hat folgende Ma\u00dfen 42,5cm x 30,5cm x 12,5cm. Das Holzinlay wurde<\/span><span class=\"s2\">\u00a0von einem Schreiner passend angefertigt. Der Magic-Koffer hat 10 F\u00e4cher und bietet viel Platz f\u00fcr diverse Spielkarten. <\/span><span class=\"s2\">Die Ma\u00dfe der F\u00e4cher sind so konzipiert, dass beispielsweise die Ultra Pro Deck Boxen oder Sammelkarten mit H\u00fcllen genau hineinpassen. In den Magic-Koffer passen genau 25 Ultra Pro Deck Boxen. <\/span><\/p>\n<p class=\"p1\"><span class=\"s2\">An den Innenseiten ist der Koffer mit schwarzem Moosgummi ausgestattet.<\/span><\/p>\n<p><strong>Wie viel passt in den Magic-Koffer? <\/strong><\/p>\n<p>Es finden <strong>3.500 Karten\u00a0<\/strong>im Koffer Platz oder bis zu <strong>30 Ultra Pro Deck Boxen<\/strong>.<\/p>\n<p class=\"p1\"><strong><span class=\"s2\">Lieferumfang:<\/span><\/strong><\/p>\n<ul>\n<li class=\"p3\"><span class=\"s2\">1x Alu-Koffer<\/span><\/li>\n<li class=\"p3\"><span class=\"s2\">1x Tragegurt<\/span><\/li>\n<li class=\"p3\"><span class=\"s2\">1x passendes Holzgestell zum Trennen der Karten \u00a0(professionell von einem Schreiner angefertigt und nat\u00fcrlich schon montiert, siehe Foto)<\/span><\/li>\n<\/ul>\n<p><strong>Hinweis:<\/strong><\/p>\n<p>Bitte beachte, dass dieser Koffer kein Dominion-Koffer ist! Falls du nach einem Dominion Koffer suchst, klicke <a href=\"https:\/\/spielekoffer24.de\/index.php\/produkt-kategorie\/dominion\/koffer\/\">hier<\/a>.<\/p>\n","protected":false},"excerpt":{"rendered":"<p><strong>Magic the Gathering spielen leicht gemacht!<\/strong><\/p>\n<p>Unser Magic the Gathering-Koffer ist unser stabiler Koffer mit Holzinlay, f\u00fcr das einfache und sichere aufbewahren all deiner Magic-Karten.<\/p>\n","protected":false},"featured_media":582,"comment_status":"open","ping_status":"closed","template":"","meta":[],"product_cat":[45,21],"product_tag":[24,72,31,73,30],"class_list":["post-580","product","type-product","status-publish","has-post-thumbnail","hentry","product_cat-magic-koffer","product_cat-magic","product_tag-koffer","product_tag-magic","product_tag-mobil","product_tag-mtg","product_tag-transport","product_shipping_class-koffer"],"aioseo_notices":[],"_links":{"self":[{"href":"https:\/\/spielekoffer24.de\/index.php\/wp-json\/wp\/v2\/product\/580","targetHints":{"allow":["GET"]}}],"collection":[{"href":"https:\/\/spielekoffer24.de\/index.php\/wp-json\/wp\/v2\/product"}],"about":[{"href":"https:\/\/spielekoffer24.de\/index.php\/wp-json\/wp\/v2\/types\/product"}],"replies":[{"embeddable":true,"href":"https:\/\/spielekoffer24.de\/index.php\/wp-json\/wp\/v2\/comments?post=580"}],"wp:featuredmedia":[{"embeddable":true,"href":"https:\/\/spielekoffer24.de\/index.php\/wp-json\/wp\/v2\/media\/582"}],"wp:attachment":[{"href":"https:\/\/spielekoffer24.de\/index.php\/wp-json\/wp\/v2\/media?parent=580"}],"wp:term":[{"taxonomy":"product_cat","embeddable":true,"href":"https:\/\/spielekoffer24.de\/index.php\/wp-json\/wp\/v2\/product_cat?post=580"},{"taxonomy":"product_tag","embeddable":true,"href":"https:\/\/spielekoffer24.de\/index.php\/wp-json\/wp\/v2\/product_tag?post=580"}],"curies":[{"name":"wp","href":"https:\/\/api.w.org\/{rel}","templated":true}]}}