{"id":4341,"date":"2019-09-06T22:27:15","date_gmt":"2019-09-06T20:27:15","guid":{"rendered":"http:\/\/spielekoffer24.de\/?post_type=product&#038;p=4341"},"modified":"2021-05-22T12:01:58","modified_gmt":"2021-05-22T10:01:58","slug":"27-dominion-trennkarten-fuer-renaissance-neu","status":"publish","type":"product","link":"https:\/\/spielekoffer24.de\/index.php\/produkt\/27-dominion-trennkarten-fuer-renaissance-neu\/","title":{"rendered":"27 Dominion-Trennkarten f\u00fcr &#8220;Renaissance&#8221;"},"content":{"rendered":"<p><strong>27 Trennkarten f\u00fcr Dominion-Erweiterung Renaissance, perfekt f\u00fcr deinen Dominion-Koffer!<\/strong><\/p>\n<p>Unsere 27 Trennkarten helfen dir beim alphabetischen einsortieren der K\u00f6nigreichkarten des Dominionspiels \u201cRenaissance\u201d. Als Bonus sind auf \u00a0den Trennkarten die Regeln zur jeweiligen K\u00f6nigsreichkarte zu finden, so bleibt dir langwieriges Suchen nach den Dominion Spielregeln erspart.<\/p>\n<p><strong>Trennkarten-Details:<\/strong><\/p>\n<ul type=\"disc\">\n<li>Ma\u00dfe: 10,5 cm x 5,9 cm<\/li>\n<li>Material: 300g Papier \/ Pappe<\/li>\n<li>Druck: Digitaldruck, seidenmatt<\/li>\n<\/ul>\n<p><strong>Lieferumfang:\u00a0<\/strong><\/p>\n<ul>\n<li>27 Trennkarten f\u00fcr die Dominion Erweiterung\u00a0\u201cRenaissance\u201d<\/li>\n<\/ul>\n<p><strong>Unsere Empfehlung: Der Dominion-Koffer\u00a0<\/strong><\/p>\n<p>Einfaches Sortieren der Dominion-Karten und schneller Aufbau der Spiele!\u00a0In unseren hochwertigen Dominion-Koffer passen alle Spielkarten der bisher existierenden Dominion-Editionen. \u00a0Mit den passenden Trennkarten kannst du ganz einfach deine Dominionkarten schnell und einfach sortieren. Mit dem Dominion-Koffer bist du stets organisiert und mobil.<\/p>\n<p>Unseren Dominion-Koffer findest du\u00a0<a href=\"https:\/\/spielekoffer24.de\/index.php\/produkt\/dominion-koffer\/\">hier<\/a>.<\/p>\n<p>Suchst du nicht nur nach einem Dominion-Koffer sondern auch nach weiteren Trennkarten? Dann empfehlen wir unser Dominion-Koffer-Set 1 mit einem kompletten Set von Dominion-Trennkarten.<\/p>\n<p>Unser Dominion-Koffer-Set 1 findest du <a href=\"https:\/\/spielekoffer24.de\/index.php\/produkt\/dominion-koffer-inkl-dominion-trennkarten-set-253-stk\/\">hier<\/a>.<\/p>\n<p>&nbsp;<\/p>\n","protected":false},"excerpt":{"rendered":"<p>Unsere 27 Trennkarten zum alphabetischen einsortieren der K\u00f6nigreichkarten des Dominionspiels <strong>\u201cRenaissance\u201d<\/strong>.<\/p>\n","protected":false},"featured_media":11976,"comment_status":"open","ping_status":"closed","template":"","meta":[],"product_cat":[19,34],"product_tag":[23,31,25],"class_list":["post-4341","product","type-product","status-publish","has-post-thumbnail","hentry","product_cat-dominion","product_cat-trennkarten","product_tag-dominion","product_tag-mobil","product_tag-trennkarten","product_shipping_class-trennkarten"],"aioseo_notices":[],"_links":{"self":[{"href":"https:\/\/spielekoffer24.de\/index.php\/wp-json\/wp\/v2\/product\/4341","targetHints":{"allow":["GET"]}}],"collection":[{"href":"https:\/\/spielekoffer24.de\/index.php\/wp-json\/wp\/v2\/product"}],"about":[{"href":"https:\/\/spielekoffer24.de\/index.php\/wp-json\/wp\/v2\/types\/product"}],"replies":[{"embeddable":true,"href":"https:\/\/spielekoffer24.de\/index.php\/wp-json\/wp\/v2\/comments?post=4341"}],"wp:featuredmedia":[{"embeddable":true,"href":"https:\/\/spielekoffer24.de\/index.php\/wp-json\/wp\/v2\/media\/11976"}],"wp:attachment":[{"href":"https:\/\/spielekoffer24.de\/index.php\/wp-json\/wp\/v2\/media?parent=4341"}],"wp:term":[{"taxonomy":"product_cat","embeddable":true,"href":"https:\/\/spielekoffer24.de\/index.php\/wp-json\/wp\/v2\/product_cat?post=4341"},{"taxonomy":"product_tag","embeddable":true,"href":"https:\/\/spielekoffer24.de\/index.php\/wp-json\/wp\/v2\/product_tag?post=4341"}],"curies":[{"name":"wp","href":"https:\/\/api.w.org\/{rel}","templated":true}]}}