{"id":1499,"date":"2017-07-16T22:11:57","date_gmt":"2017-07-16T20:11:57","guid":{"rendered":"http:\/\/spielekoffer24.de\/?post_type=product&#038;p=1499"},"modified":"2025-01-19T19:50:03","modified_gmt":"2025-01-19T18:50:03","slug":"dominion-2-edition-was-fuer-eine-welt-und-die-intrige-erweiterung","status":"publish","type":"product","link":"https:\/\/spielekoffer24.de\/index.php\/produkt\/dominion-2-edition-was-fuer-eine-welt-und-die-intrige-erweiterung\/","title":{"rendered":"Dominion &#8211; Erg\u00e4nzungs-Set f\u00fcr das Basisspiel &amp; die Intrige Erweiterung"},"content":{"rendered":"<p><strong>Dominion &#8211; Erg\u00e4nzungs-Set f\u00fcr das Basisspiel &amp; die Intrige Erweiterung<\/strong><\/p>\n<p>Weitere Karten f\u00fcr die Intrige-Erweiterung und\/oder das Basisset von Dominion.<\/p>\n<p>Endlich ist es soweit \u2013 du hast die Macht \u00fcber das sagenumwobene K\u00f6nigreich deiner Familie \u00fcbernommen. Doch im Gegensatz zu deinen Eltern hast du h\u00f6here Ziele und sehr lebendige Tr\u00e4ume! Du willst alles ein bisschen anders machen und das Land unter deiner Herrschaft endlich vereinen. Aber halt! So einfach ist das nicht. Verborgene Dinge gehen in deinem K\u00f6nigreich vor \u2013 denen musst du erst einmal auf den Zahn f\u00fchlen. Aber bald ist es soweit &#8230; dein K\u00f6nigreich wird erbl\u00fchen, gedeihen und du wirst der gr\u00f6\u00dfte Monarch sein, den dein DOMINION\u00ae je gesehen hat. Und alles nur, weil du es ein bisschen anders gemacht hast!<\/p>\n<p><b>ACHTUNG: Diese DOMINION\u00ae-Erweiterung ist nur mit einem vollst\u00e4ndigen Basisspiel oder den Basiskarten zusammen spielbar. Sie beinhaltet je 7 neue Karten f\u00fcr das Basisspiel und\/oder die bereits erh\u00e4ltliche Erweiterung Die Intrige.<\/b><\/p>\n<p>&nbsp;<\/p>\n","protected":false},"excerpt":{"rendered":"<p>Dominion &#8211; Erg\u00e4nzungs-Set f\u00fcr das Basisspiel &amp; die Intrige Erweiterung Weitere Karten f\u00fcr die Intrige-Erweiterung und\/oder das Basisset von Dominion. Endlich ist es soweit \u2013 du hast die Macht \u00fcber das sagenumwobene K\u00f6nigreich deiner Familie \u00fcbernommen. Doch im Gegensatz zu deinen Eltern hast du h\u00f6here Ziele und sehr lebendige Tr\u00e4ume! Du willst alles ein bisschen [&hellip;]<\/p>\n","protected":false},"featured_media":1490,"comment_status":"open","ping_status":"closed","template":"","meta":[],"product_cat":[19,35],"product_tag":[27,28],"class_list":["post-1499","product","type-product","status-publish","has-post-thumbnail","hentry","product_cat-dominion","product_cat-spiele","product_tag-abenteuer","product_tag-erweiterung","product_shipping_class-koffer"],"aioseo_notices":[],"_links":{"self":[{"href":"https:\/\/spielekoffer24.de\/index.php\/wp-json\/wp\/v2\/product\/1499","targetHints":{"allow":["GET"]}}],"collection":[{"href":"https:\/\/spielekoffer24.de\/index.php\/wp-json\/wp\/v2\/product"}],"about":[{"href":"https:\/\/spielekoffer24.de\/index.php\/wp-json\/wp\/v2\/types\/product"}],"replies":[{"embeddable":true,"href":"https:\/\/spielekoffer24.de\/index.php\/wp-json\/wp\/v2\/comments?post=1499"}],"wp:featuredmedia":[{"embeddable":true,"href":"https:\/\/spielekoffer24.de\/index.php\/wp-json\/wp\/v2\/media\/1490"}],"wp:attachment":[{"href":"https:\/\/spielekoffer24.de\/index.php\/wp-json\/wp\/v2\/media?parent=1499"}],"wp:term":[{"taxonomy":"product_cat","embeddable":true,"href":"https:\/\/spielekoffer24.de\/index.php\/wp-json\/wp\/v2\/product_cat?post=1499"},{"taxonomy":"product_tag","embeddable":true,"href":"https:\/\/spielekoffer24.de\/index.php\/wp-json\/wp\/v2\/product_tag?post=1499"}],"curies":[{"name":"wp","href":"https:\/\/api.w.org\/{rel}","templated":true}]}}