{"id":1386,"date":"2017-06-26T19:01:55","date_gmt":"2017-06-26T17:01:55","guid":{"rendered":"http:\/\/spielekoffer24.de\/?post_type=product&#038;p=1386"},"modified":"2023-02-10T17:40:23","modified_gmt":"2023-02-10T16:40:23","slug":"14-dominion-trennkarten-fuer-was-fuer-eine-welt-und-die-intrige-2-edition","status":"publish","type":"product","link":"https:\/\/spielekoffer24.de\/index.php\/produkt\/14-dominion-trennkarten-fuer-was-fuer-eine-welt-und-die-intrige-2-edition\/","title":{"rendered":"7 Dominion-Trennkarten: Update Pack &#8220;Die Intrige\u201d"},"content":{"rendered":"<p><strong>7 Trennkarten (Dominion Update Pack: Die Intrige &#8211; 2. Edition) f\u00fcr deinen Dominion-Koffer!<\/strong><\/p>\n<p><strong>Lieferumfang:<\/strong><br \/>\n7 Trennkarten zum alphabetischen einsortieren der K\u00f6nigreichkarten des Dominionspiels\u00a0 2. Edition &#8220;Die Intrige &#8220;. Es sind nur die 7 neuen Update Pack Trennkarten enthalten!<\/p>\n<p>Auf den Trennkarten findet man die Regeln zur jeweiligen K\u00f6nigreichskarte, so dass ein langwieriges Suchen auf den Seiten zu den Spielregeln \u00fcberfl\u00fcssig wird.<\/p>\n<p><strong>Trennkarten-Details:<\/strong><\/p>\n<ul>\n<li>Ma\u00dfe: 10,5 cm x 5,9 cm<\/li>\n<li>Material: 300g Papier \/ Pappe<\/li>\n<li>Druck: Digitaldruck, seidenmatt<\/li>\n<\/ul>\n<p><strong>Einfaches Sortieren der Dominionkarten und schneller Aufbau der Spiele!<\/strong><\/p>\n<p>Schaue Dir auch unsere anderen Produkte\u00a0wie z.B. den &#8220;Dominion-Koffer&#8221; an. In den Dominion-Koffer passen alle Spielkarten der bisher existierenden Dominion-Editionen. Die Spielkarten k\u00f6nnen mit Hilfe der passenden Trennkarten sortiert werden.<\/p>\n","protected":false},"excerpt":{"rendered":"<p>Unsere 7 Trennkarten zum alphabetischen einsortieren der K\u00f6nigreichkarten des Update Packs Dominion\u00a0<strong>\u201cDie Intrige\u201d<\/strong>.<\/p>\n","protected":false},"featured_media":11984,"comment_status":"open","ping_status":"closed","template":"","meta":[],"product_cat":[19,34],"product_tag":[],"class_list":["post-1386","product","type-product","status-publish","has-post-thumbnail","hentry","product_cat-dominion","product_cat-trennkarten","product_shipping_class-trennkarten"],"aioseo_notices":[],"_links":{"self":[{"href":"https:\/\/spielekoffer24.de\/index.php\/wp-json\/wp\/v2\/product\/1386","targetHints":{"allow":["GET"]}}],"collection":[{"href":"https:\/\/spielekoffer24.de\/index.php\/wp-json\/wp\/v2\/product"}],"about":[{"href":"https:\/\/spielekoffer24.de\/index.php\/wp-json\/wp\/v2\/types\/product"}],"replies":[{"embeddable":true,"href":"https:\/\/spielekoffer24.de\/index.php\/wp-json\/wp\/v2\/comments?post=1386"}],"wp:featuredmedia":[{"embeddable":true,"href":"https:\/\/spielekoffer24.de\/index.php\/wp-json\/wp\/v2\/media\/11984"}],"wp:attachment":[{"href":"https:\/\/spielekoffer24.de\/index.php\/wp-json\/wp\/v2\/media?parent=1386"}],"wp:term":[{"taxonomy":"product_cat","embeddable":true,"href":"https:\/\/spielekoffer24.de\/index.php\/wp-json\/wp\/v2\/product_cat?post=1386"},{"taxonomy":"product_tag","embeddable":true,"href":"https:\/\/spielekoffer24.de\/index.php\/wp-json\/wp\/v2\/product_tag?post=1386"}],"curies":[{"name":"wp","href":"https:\/\/api.w.org\/{rel}","templated":true}]}}