{"id":12896,"date":"2024-09-25T21:10:17","date_gmt":"2024-09-25T19:10:17","guid":{"rendered":"https:\/\/spielekoffer24.de\/?post_type=product&#038;p=12896"},"modified":"2025-01-19T20:36:01","modified_gmt":"2025-01-19T19:36:01","slug":"dominion-koffer-set1","status":"publish","type":"product","link":"https:\/\/spielekoffer24.de\/index.php\/produkt\/dominion-koffer-set1\/","title":{"rendered":"Dominion-Koffer + 526 Trennkarten"},"content":{"rendered":"<div id=\"descriptionAndDetails\" class=\"a-section a-spacing-extra-large\">\n<div id=\"productDescription_feature_div\" class=\"feature\" data-feature-name=\"productDescription\">\n<div id=\"productDescription_feature_div\" class=\"a-row feature\" data-feature-name=\"productDescription\" data-template-name=\"productDescription\">\n<div id=\"productDescription\" class=\"a-section a-spacing-small prodDescWidth\">\n<p><strong>Dominion-Koffer + Trennkarten-Set (526 Stk.)<\/strong><\/p>\n<p>Durch die professionell gedruckten Dominion-Trennkarten ist das alphabetische Sortieren der Karten ein Kinderspiel. Die Trennkarten beinhalten des Weiteren die Spielanleitungen und Erl\u00e4uterungen der einzelnen Karten falls man bei der Vielzahl der Spielanleitungen den \u00dcberblick verlieren sollte. Das Koffer-Sortiersystem erleichtert somit nicht nur die Mitnahme von den DOMINION Spielen, indem es den Transport der unz\u00e4hligen Kartons \u00fcberfl\u00fcssig macht, sondern erleichtert auch den Spielaufbau durch die alphabetische Sortierung.<\/p>\n<p><strong>Trennkarten mit Spielanleitung f\u00fcr die Spielkarten:<\/strong><\/p>\n<p>458 Dominion-Trennkarten zum alphabetischen Einsortieren aller Karten der Dominion Erweiterungen. Auf den Trennkarten findet man die Regeln zur jeweiligen K\u00f6nigreichkarte.<\/p>\n<p><strong>Lieferumfang:<\/strong><\/p>\n<ul>\n<li>Dominion-Koffer mit hochwertigen Holzinlay<\/li>\n<li>32 + 7 Trennkarten Dominion \u201cWas f\u00fcr eine Welt 1. und 2. Edition\u201d (25 + 7 Trennkarten f\u00fcr die K\u00f6nigreichkarten und 7 Trennkarten f\u00fcr Geld, Punkte und Fluch)<\/li>\n<li>25 + 7 Trennkarten Dominion \u201cDie Intrige 1. und 2. Edition\u201d<\/li>\n<li>26 + 9 Trennkarten Dominion \u201cSeaside 1. und 2. Edition\u201d<\/li>\n<li>13 Trennkarten Dominion\u00a0\u201cDie Alchemisten\u201d (12 K\u00f6nigreichkarten und eine Trennkarte f\u00fcr den Trank)<\/li>\n<li>27 + 9 Trennkarten Dominion \u201cBl\u00fctezeit 1. und 2. Edition \u201d (23 + 9 K\u00f6nigreichkarten und 2 Trennkarten f\u00fcr Platin und Kolonie)<\/li>\n<li>14 Trennkarten Dominion \u201cReiche Ernte\u201d (13 K\u00f6nigreichkarten und eine Trennkarte f\u00fcr Preis Karten)<\/li>\n<li>26 + 9 Trennkarten Dominion \u201cHinterland 1. und 2. Edition\u201d<\/li>\n<li>26 Trennkarten \u00a0Dominion \u201cEmpires 1. und 2. Edition\u201d<\/li>\n<li>38 Trennkarten Dominion \u201cDark Ages\u201d (35 K\u00f6nigreichkarten und 3 Trennkarten f\u00fcr Unterschlupf, Ruinen und Beute)<\/li>\n<li>13 Trennkarten Dominion \u201cDie Gilden\u201d<\/li>\n<li>33 Trennkarten Dominion \u201cAbenteuer\u201d<\/li>\n<li>12 Trennkarten f\u00fcr die Dominion Erweiterung \u201cPromotion\u201d (Gesandter, Carcassone, Gouverneur, \u00a0Schwarzmarkt (2x), Geldversteck, Prinz, Sauna \/ Eisloch, Abbruch, Schweriner Dom, Kapit\u00e4n Tobias, befestigtes Dorf)<\/li>\n<li>39 Trennkarten f\u00fcr die Dominion Erweiterung \u201cNocturne\u201d<\/li>\n<li>27 Trennkarten f\u00fcr die Dominion Erweiterung\u00a0\u201cRenaissance\u201d<\/li>\n<li>34 Trennkarten f\u00fcr die Dominion Erweiterung \u201cMenagerie\u201d<\/li>\n<li>32 Trennkarten f\u00fcr die Dominion Erweiterung \u201cVerb\u00fcndete\u201d<\/li>\n<li>43 Trennkarten f\u00fcr\u00a0 die Dominion Erweiterung &#8220;Pl\u00fcnderer&#8221;<\/li>\n<li>27 Trennkarten f\u00fcr\u00a0 die Dominion Erweiterung &#8220;Rising Sun&#8221;<\/li>\n<\/ul>\n<p><strong>Trennkarten-Details:<\/strong><\/p>\n<ul type=\"disc\">\n<li>Ma\u00dfe: 10,5 cm x 5,9 cm<\/li>\n<li>Material: 300g Papier \/ Pappe<\/li>\n<li>Druck: Digitaldruck, seidenmatt<\/li>\n<\/ul>\n<p><strong>Wie viel passt in den Dominion-Koffer? <\/strong><\/p>\n<p>Es finden <strong>3.500 Karten <\/strong>(Spiel- und Trennkarten), sowie <strong>Tableaus und Marker <\/strong>Platz in unserem Dominion-Koffer.<\/p>\n<p><b>Schneller Aufbau der Spiele, praktische Aufbewahrung der Karten und einfacher Transport!<\/b><\/p>\n<\/div>\n<\/div>\n<\/div>\n<\/div>\n<p>Aufbauanleitung (PDF): <a href=\"http:\/\/spielekoffer24.de\/wp-content\/uploads\/2016\/07\/Aufbauanleitung-Dominion-Koffer.pdf\" target=\"_blank\" rel=\"noopener noreferrer\">Aufbauanleitung Dominion-Koffer\u00a0<\/a><\/p>\n","protected":false},"excerpt":{"rendered":"<p><strong>\u201eAd\u00e9 Karten-Chaos, Hallo Ordnung.\u201c<\/strong><\/p>\n<p>Unser Dominion Koffer-Set 1 enth\u00e4lt neben einem stabilen Koffer mit Holzinlay ein komplettes Set von 526 Stk. an Dominion-Trennkarten. Somit kannst du deine Erweiterungen immer mit zu jedem Spiele-Abend nehmen und bist stets mobil, flexibel und organisiert.<\/p>\n","protected":false},"featured_media":13005,"comment_status":"open","ping_status":"closed","template":"","meta":[],"product_cat":[19,32,33],"product_tag":[23,24,31,30],"class_list":["post-12896","product","type-product","status-publish","has-post-thumbnail","hentry","product_cat-dominion","product_cat-set","product_cat-koffer","product_tag-dominion","product_tag-koffer","product_tag-mobil","product_tag-transport","product_shipping_class-koffer"],"aioseo_notices":[],"_links":{"self":[{"href":"https:\/\/spielekoffer24.de\/index.php\/wp-json\/wp\/v2\/product\/12896","targetHints":{"allow":["GET"]}}],"collection":[{"href":"https:\/\/spielekoffer24.de\/index.php\/wp-json\/wp\/v2\/product"}],"about":[{"href":"https:\/\/spielekoffer24.de\/index.php\/wp-json\/wp\/v2\/types\/product"}],"replies":[{"embeddable":true,"href":"https:\/\/spielekoffer24.de\/index.php\/wp-json\/wp\/v2\/comments?post=12896"}],"wp:featuredmedia":[{"embeddable":true,"href":"https:\/\/spielekoffer24.de\/index.php\/wp-json\/wp\/v2\/media\/13005"}],"wp:attachment":[{"href":"https:\/\/spielekoffer24.de\/index.php\/wp-json\/wp\/v2\/media?parent=12896"}],"wp:term":[{"taxonomy":"product_cat","embeddable":true,"href":"https:\/\/spielekoffer24.de\/index.php\/wp-json\/wp\/v2\/product_cat?post=12896"},{"taxonomy":"product_tag","embeddable":true,"href":"https:\/\/spielekoffer24.de\/index.php\/wp-json\/wp\/v2\/product_tag?post=12896"}],"curies":[{"name":"wp","href":"https:\/\/api.w.org\/{rel}","templated":true}]}}