{"id":12566,"date":"2023-02-06T12:25:00","date_gmt":"2023-02-06T11:25:00","guid":{"rendered":"https:\/\/spielekoffer24.de\/?post_type=product&#038;p=12566"},"modified":"2024-09-25T21:01:21","modified_gmt":"2024-09-25T19:01:21","slug":"neu-dominion-spiel-pluenderer","status":"publish","type":"product","link":"https:\/\/spielekoffer24.de\/index.php\/produkt\/neu-dominion-spiel-pluenderer\/","title":{"rendered":"Dominion Spiel \u201ePl\u00fcnderer&#8221;"},"content":{"rendered":"<p><strong>Das Dominion Spiel \u201ePl\u00fcnderer\u201c:<\/strong><\/p>\n<p style=\"font-weight: 400;\">Jetzt wird gepl\u00fcndert \u2013 mit Dominion Pl\u00fcnderer erscheint 2023 die 15. Erweiterung zum Spiel des Jahres 2009. Mit ihr kommen 500 neue Karten ins Spiel, darunter viele neue Ereignisse, Dauer- und Geldkarten, die Kostbarkeiten geben. Neu sind die Merkmale, deren Eigenschaften einen ganzen Kartenstapel ver\u00e4ndern k\u00f6nnen. Wieder enthalten sind Trenner f\u00fcr die separat erh\u00e4ltliche Sammlerbox. Inhalt: 400 K\u00f6nigreichkarten, 30 Kostbarkeiten, 15 Merkmale, 15 Ereignisse, 40 Platzhalter + 42 Trennerkarten. Besonders empfohlen f\u00fcr ge\u00fcbte Dominion-Spieler<\/p>\n<p style=\"font-weight: 400;\"><strong>Inhalt:<\/strong><\/p>\n<ul>\n<li style=\"font-weight: 400;\">500 Karten<\/li>\n<li style=\"font-weight: 400;\">1 x Sortierstreifen<\/li>\n<li style=\"font-weight: 400;\">1x Sortiereinsatz<\/li>\n<li style=\"font-weight: 400;\">1 x Spielregel<\/li>\n<\/ul>\n<p><strong>Lieferumfang:\u00a0<\/strong><\/p>\n<ul>\n<li>Dominion Pl\u00fcnderer<\/li>\n<\/ul>\n<p><strong>Schneller Aufbau der Spiele, praktische Aufbewahrung der Karten und einfacher Transport!<\/strong><\/p>\n<p>Aufbauanleitung (PDF):\u00a0<a href=\"http:\/\/spielekoffer24.de\/wp-content\/uploads\/2016\/07\/Aufbauanleitung-Dominion-Koffer.pdf\">Aufbauanleitung Dominion-Koffer\u00a0<\/a><\/p>\n","protected":false},"excerpt":{"rendered":"<p>Dominion Spiel \u201e<strong>Pl\u00fcnderer<\/strong>\u201c<\/p>\n","protected":false},"featured_media":12587,"comment_status":"open","ping_status":"closed","template":"","meta":[],"product_cat":[19,35],"product_tag":[],"class_list":["post-12566","product","type-product","status-publish","has-post-thumbnail","hentry","product_cat-dominion","product_cat-spiele","product_shipping_class-koffer"],"aioseo_notices":[],"_links":{"self":[{"href":"https:\/\/spielekoffer24.de\/index.php\/wp-json\/wp\/v2\/product\/12566","targetHints":{"allow":["GET"]}}],"collection":[{"href":"https:\/\/spielekoffer24.de\/index.php\/wp-json\/wp\/v2\/product"}],"about":[{"href":"https:\/\/spielekoffer24.de\/index.php\/wp-json\/wp\/v2\/types\/product"}],"replies":[{"embeddable":true,"href":"https:\/\/spielekoffer24.de\/index.php\/wp-json\/wp\/v2\/comments?post=12566"}],"wp:featuredmedia":[{"embeddable":true,"href":"https:\/\/spielekoffer24.de\/index.php\/wp-json\/wp\/v2\/media\/12587"}],"wp:attachment":[{"href":"https:\/\/spielekoffer24.de\/index.php\/wp-json\/wp\/v2\/media?parent=12566"}],"wp:term":[{"taxonomy":"product_cat","embeddable":true,"href":"https:\/\/spielekoffer24.de\/index.php\/wp-json\/wp\/v2\/product_cat?post=12566"},{"taxonomy":"product_tag","embeddable":true,"href":"https:\/\/spielekoffer24.de\/index.php\/wp-json\/wp\/v2\/product_tag?post=12566"}],"curies":[{"name":"wp","href":"https:\/\/api.w.org\/{rel}","templated":true}]}}