{"id":12338,"date":"2022-04-17T14:04:28","date_gmt":"2022-04-17T12:04:28","guid":{"rendered":"https:\/\/spielekoffer24.de\/?post_type=product&#038;p=12338"},"modified":"2023-02-10T20:13:20","modified_gmt":"2023-02-10T19:13:20","slug":"neu-33-dolormin-trennkarten-fuer-verbuedete","status":"publish","type":"product","link":"https:\/\/spielekoffer24.de\/index.php\/produkt\/neu-33-dolormin-trennkarten-fuer-verbuedete\/","title":{"rendered":"32 Dominion-Trennkarten f\u00fcr \u201eVerb\u00fcndete\u201c"},"content":{"rendered":"<p><strong>32 Trennkarten f\u00fcr Dominion-Erweiterung Verb\u00fcndete, perfekt f\u00fcr deinen Dominion-Koffer!<\/strong><\/p>\n<p>Unsere 32 Trennkarten helfen dir beim alphabetischen einsortieren der K\u00f6nigreichkarten des Dominionspiels \u201cVerb\u00fcndete\u201d.\u00a0Als Bonus sind auf den Trennkarten die Regeln zur jeweiligen K\u00f6nigsreichkarte zu finden, so bleibt dir langwieriges Suchen nach den Dominion Spielregeln erspart.<\/p>\n<p><strong>Trennkarten-Details:<\/strong><\/p>\n<ul>\n<li>Ma\u00dfe: 10,5 cm x 5,9 cm<\/li>\n<li>Material: 300g Papier \/ Pappe<\/li>\n<li>Druck: Digitaldruck, seidenmatt<\/li>\n<\/ul>\n<p><strong>Lieferumfang:<\/strong><\/p>\n<ul>\n<li>32 Trennkarten f\u00fcr die Dominion Erweiterung \u201cVerb\u00fcndete\u201d<\/li>\n<\/ul>\n<p><strong>Unsere Empfehlung: Der Dominion-Koffer\u00a0<\/strong><\/p>\n<p>Einfaches Sortieren der Dominion-Karten und schneller Aufbau der Spiele!\u00a0In unseren hochwertigen Dominion-Koffer passen alle Spielkarten der bisher existierenden Dominion-Editionen. \u00a0Mit den passenden Trennkarten kannst du ganz einfach deine Dominionkarten schnell und einfach sortieren. Mit dem Dominion-Koffer bist du stets organisiert und mobil.<\/p>\n<p>Unseren Dominion-Koffer findest du\u00a0<a href=\"https:\/\/spielekoffer24.de\/index.php\/produkt\/dominion-koffer\/\">hier<\/a>.<\/p>\n<p>Suchst du nicht nur nach einem Dominion-Koffer sondern auch nach weiteren Trennkarten? Dann empfehlen wir unser Dominion-Koffer-Set 1 mit einem kompletten Set von Dominion Trennkarten.<\/p>\n<p>Unser Dominion-Koffer-Set 1 findest du\u00a0<a href=\"https:\/\/spielekoffer24.de\/index.php\/produkt\/dominion-koffer-inkl-dominion-trennkarten-set-253-stk\/\">hier<\/a>.<\/p>\n<p>&nbsp;<\/p>\n","protected":false},"excerpt":{"rendered":"<p>Unsere 32 Trennkarten zum alphabetischen einsortieren der K\u00f6nigreichkarten des Dominionspiels <strong>\u201cVerb\u00fcndete\u201d<\/strong>.<\/p>\n","protected":false},"featured_media":12349,"comment_status":"open","ping_status":"closed","template":"","meta":[],"product_cat":[19,34],"product_tag":[],"class_list":["post-12338","product","type-product","status-publish","has-post-thumbnail","hentry","product_cat-dominion","product_cat-trennkarten","product_shipping_class-trennkarten"],"aioseo_notices":[],"_links":{"self":[{"href":"https:\/\/spielekoffer24.de\/index.php\/wp-json\/wp\/v2\/product\/12338","targetHints":{"allow":["GET"]}}],"collection":[{"href":"https:\/\/spielekoffer24.de\/index.php\/wp-json\/wp\/v2\/product"}],"about":[{"href":"https:\/\/spielekoffer24.de\/index.php\/wp-json\/wp\/v2\/types\/product"}],"replies":[{"embeddable":true,"href":"https:\/\/spielekoffer24.de\/index.php\/wp-json\/wp\/v2\/comments?post=12338"}],"wp:featuredmedia":[{"embeddable":true,"href":"https:\/\/spielekoffer24.de\/index.php\/wp-json\/wp\/v2\/media\/12349"}],"wp:attachment":[{"href":"https:\/\/spielekoffer24.de\/index.php\/wp-json\/wp\/v2\/media?parent=12338"}],"wp:term":[{"taxonomy":"product_cat","embeddable":true,"href":"https:\/\/spielekoffer24.de\/index.php\/wp-json\/wp\/v2\/product_cat?post=12338"},{"taxonomy":"product_tag","embeddable":true,"href":"https:\/\/spielekoffer24.de\/index.php\/wp-json\/wp\/v2\/product_tag?post=12338"}],"curies":[{"name":"wp","href":"https:\/\/api.w.org\/{rel}","templated":true}]}}