{"id":12185,"date":"2021-11-20T09:25:07","date_gmt":"2021-11-20T08:25:07","guid":{"rendered":"https:\/\/spielekoffer24.de\/?post_type=product&#038;p=12185"},"modified":"2025-01-19T19:28:32","modified_gmt":"2025-01-19T18:28:32","slug":"koffer-set-2-original-dominion-sammler-box","status":"publish","type":"product","link":"https:\/\/spielekoffer24.de\/index.php\/produkt\/koffer-set-2-original-dominion-sammler-box\/","title":{"rendered":"Original Dominion Sammler-Box"},"content":{"rendered":"<div id=\"productDescription\" class=\"a-section a-spacing-small prodDescWidth\">\n<p><strong>Umfang der Original Dominion Sammler-Box<\/strong><\/p>\n<\/div>\n<div id=\"productDescription\" class=\"a-section a-spacing-small prodDescWidth\">\n<ul>\n<li>Diese Box erh\u00e4lt 400 Karten<\/li>\n<li>1 komplettes Dominion Basisspiel (250 Karten)<\/li>\n<li>Alle 11 bisher erschienenen Dominion Promokarten (Schwarzmarkt, Befestigtes Dorf, Geldversteck, Gouverneur, Gesandter, Prinz, Abbruch, Sauna\/Eisloch, Einladung, Schweriner Dom, Kapit\u00e4n Tobias)<\/li>\n<li>Komponenten, die in den 2. Editionen der entsprechenden Erweiterungen zus\u00e4tzlich eingef\u00fchrt wurden:\n<ul>\n<li>1 Bannkarte (aus Reiche Ernte, zur Markierung des Bann-Stapels),<\/li>\n<li>6 Talerkarten (aus Gilden, zur Ablage der Marker\/Taler)<\/li>\n<li>22 Leerkarten f\u00fcr eigene Kartenidee\u00a0eine korrigierte Version der Karte VERM\u00d6GEN (aus Empires) mit richtigem Geldwert<\/li>\n<\/ul>\n<\/li>\n<li>1 gebrandeten Stoffbeutel zur Aufbewahrung von Markern &amp; M\u00fcnzen<\/li>\n<\/ul>\n<p><strong>Lieferumfang:<\/strong><\/p>\n<ul>\n<li>Original Dominion-Sammlerbox<\/li>\n<\/ul>\n<\/div>\n<p><strong>Unsere Empfehlung:<\/strong><\/p>\n<p>Schau bei unseren Dominion Trennkarten vorbei, um dein Dominion Spiel optimal zu sortieren und nie den \u00dcberblick zu verlieren. Klicke jetzt <a href=\"https:\/\/spielekoffer24.de\/index.php\/produkt-kategorie\/dominion\/trennkarten\/\">hier<\/a>.<\/p>\n<div id=\"productDescription\" class=\"a-section a-spacing-small prodDescWidth\">\n<p><b>Schneller Aufbau der Spiele, praktische Aufbewahrung der Karten und einfacher Transport!<\/b><\/p>\n<\/div>\n","protected":false},"excerpt":{"rendered":"<p>Diese Sammler-Box enth\u00e4lt eine exklusive Sortier- und Aufbewahrungsl\u00f6sung f\u00fcr \u00fcber 3000 Karten inklusive Trennerkarten, ein komplettes Basiskartenset sowie Zusatzmaterialien.<\/p>\n","protected":false},"featured_media":12190,"comment_status":"open","ping_status":"closed","template":"","meta":[],"product_cat":[19,35],"product_tag":[23,24,31,26,30,25],"class_list":["post-12185","product","type-product","status-publish","has-post-thumbnail","hentry","product_cat-dominion","product_cat-spiele","product_tag-dominion","product_tag-koffer","product_tag-mobil","product_tag-set","product_tag-transport","product_tag-trennkarten","product_shipping_class-koffer"],"aioseo_notices":[],"_links":{"self":[{"href":"https:\/\/spielekoffer24.de\/index.php\/wp-json\/wp\/v2\/product\/12185","targetHints":{"allow":["GET"]}}],"collection":[{"href":"https:\/\/spielekoffer24.de\/index.php\/wp-json\/wp\/v2\/product"}],"about":[{"href":"https:\/\/spielekoffer24.de\/index.php\/wp-json\/wp\/v2\/types\/product"}],"replies":[{"embeddable":true,"href":"https:\/\/spielekoffer24.de\/index.php\/wp-json\/wp\/v2\/comments?post=12185"}],"wp:featuredmedia":[{"embeddable":true,"href":"https:\/\/spielekoffer24.de\/index.php\/wp-json\/wp\/v2\/media\/12190"}],"wp:attachment":[{"href":"https:\/\/spielekoffer24.de\/index.php\/wp-json\/wp\/v2\/media?parent=12185"}],"wp:term":[{"taxonomy":"product_cat","embeddable":true,"href":"https:\/\/spielekoffer24.de\/index.php\/wp-json\/wp\/v2\/product_cat?post=12185"},{"taxonomy":"product_tag","embeddable":true,"href":"https:\/\/spielekoffer24.de\/index.php\/wp-json\/wp\/v2\/product_tag?post=12185"}],"curies":[{"name":"wp","href":"https:\/\/api.w.org\/{rel}","templated":true}]}}