{"id":12173,"date":"2021-11-07T12:11:22","date_gmt":"2021-11-07T11:11:22","guid":{"rendered":"https:\/\/spielekoffer24.de\/?post_type=product&#038;p=12173"},"modified":"2022-04-12T19:16:56","modified_gmt":"2022-04-12T17:16:56","slug":"amera-und-gopro-koffer-mit-schaumstoff-polsterung","status":"publish","type":"product","link":"https:\/\/spielekoffer24.de\/index.php\/produkt\/amera-und-gopro-koffer-mit-schaumstoff-polsterung\/","title":{"rendered":"Neu! Kamera- und GoPro-Koffer mit Schaumstoff Polsterung"},"content":{"rendered":"<p>Dieser Kamera- und GoPro-Koffer bewahrt dein wertvolles und empfindliches Equipment von Kameras, Objektiven, Handstativen sicher Unterwegs oder einfach bei dir Zuhause auf.<\/p>\n<p>F\u00fcr den besondere Schutz deines Kamera Zubeh\u00f6r ist jeder Koffer mit einer 1 cm dicken Schaumstoffeinlage gepolstert und zus\u00e4tzlich mit einer 6 cm dicken, herausnehmbaren Lage W\u00fcrfelschaumstoff ausgelegt, welche sich ohne zus\u00e4tzliches Werkzeug leicht anpassen l\u00e4sst.<\/p>\n<p>Der Koffer ist dank der Doppelnut in der Schlie\u00dfkante Wasserfest und bietet hohe Sicherheit vor dem Eindringen von Wasser oder Staub.<\/p>\n<p><strong>Geeignet f\u00fcr die Aufbewahrung von:<\/strong><\/p>\n<ul>\n<li>Spiegelreflex und Analog Kameras (Nikon, Canon, Sony, Olympus, Fujifilm, Leica)<\/li>\n<li>GoPro<\/li>\n<li>Kamerazubeh\u00f6r jeder Art<\/li>\n<li>Objektive<\/li>\n<li>Kabel<\/li>\n<li>Mikrofone und andere Soundger\u00e4te<\/li>\n<li>Und vieles mehr!<\/li>\n<\/ul>\n<p><strong>Anpassbare Schaumstoff Polsterung: <\/strong><\/p>\n<p>Der vor perforierten Schaumstoff l\u00e4sst sich ganz einfach auf deine Lieblingsst\u00fccke anpassen. Beliebig gro\u00dfe Fl\u00e4chen des Rasterschaumstoff k\u00f6nnen ohne Werkzeug oder Schere entfernt werden.<\/p>\n<p><strong>Ma\u00dfe:<\/strong><\/p>\n<ul>\n<li>40 x 33 x 15 cm<\/li>\n<\/ul>\n<p><strong>Gewicht:<\/strong><\/p>\n<ul>\n<li>2,2 Kilogramm<\/li>\n<\/ul>\n<p><strong>Lieferumfang:<\/strong><\/p>\n<ul>\n<li>1x Koffer mit W\u00fcrfelschaumeinlagen<\/li>\n<\/ul>\n","protected":false},"excerpt":{"rendered":"<p>Unser neuer Kamera- und GoPro-Koffer mit anpassbarer Schaumstoff Polsterung bietet sicheren Stauraum f\u00fcr deine besonders empfindlichen Lieblingsst\u00fccke.<\/p>\n<p>&nbsp;<\/p>\n","protected":false},"featured_media":12163,"comment_status":"open","ping_status":"closed","template":"","meta":[],"product_cat":[66],"product_tag":[],"class_list":["post-12173","product","type-product","status-publish","has-post-thumbnail","hentry","product_cat-universal"],"aioseo_notices":[],"_links":{"self":[{"href":"https:\/\/spielekoffer24.de\/index.php\/wp-json\/wp\/v2\/product\/12173","targetHints":{"allow":["GET"]}}],"collection":[{"href":"https:\/\/spielekoffer24.de\/index.php\/wp-json\/wp\/v2\/product"}],"about":[{"href":"https:\/\/spielekoffer24.de\/index.php\/wp-json\/wp\/v2\/types\/product"}],"replies":[{"embeddable":true,"href":"https:\/\/spielekoffer24.de\/index.php\/wp-json\/wp\/v2\/comments?post=12173"}],"wp:featuredmedia":[{"embeddable":true,"href":"https:\/\/spielekoffer24.de\/index.php\/wp-json\/wp\/v2\/media\/12163"}],"wp:attachment":[{"href":"https:\/\/spielekoffer24.de\/index.php\/wp-json\/wp\/v2\/media?parent=12173"}],"wp:term":[{"taxonomy":"product_cat","embeddable":true,"href":"https:\/\/spielekoffer24.de\/index.php\/wp-json\/wp\/v2\/product_cat?post=12173"},{"taxonomy":"product_tag","embeddable":true,"href":"https:\/\/spielekoffer24.de\/index.php\/wp-json\/wp\/v2\/product_tag?post=12173"}],"curies":[{"name":"wp","href":"https:\/\/api.w.org\/{rel}","templated":true}]}}