{"id":12029,"date":"2021-06-05T14:55:32","date_gmt":"2021-06-05T12:55:32","guid":{"rendered":"https:\/\/spielekoffer24.de\/?post_type=product&#038;p=12029"},"modified":"2022-01-29T10:26:01","modified_gmt":"2022-01-29T09:26:01","slug":"30-leere-universelle-trennkarten","status":"publish","type":"product","link":"https:\/\/spielekoffer24.de\/index.php\/produkt\/30-leere-universelle-trennkarten\/","title":{"rendered":"30 Leere universelle Trennkarten"},"content":{"rendered":"<p><strong>Leere universelle Trennkarten:<\/strong><\/p>\n<p>Unsere universellen Trennkarten helfen dir dabei all deine Spielkarten zu organisieren und stets den \u00dcberblick zu bewahren. Du kannst die Trennkarten individuell beschriften.<\/p>\n<p><strong>Unser Tipp:<\/strong> bewahre all deine Kartenspiele in unserem hochwertigen Sammelkarten Koffer auf. Den Koffer findest du <a href=\"https:\/\/spielekoffer24.de\/index.php\/produkt\/universeller-karten-sammlerkoffer\/\">hier<\/a>.<\/p>\n<p><strong>Trennkarten-Details:<\/strong><\/p>\n<ul>\n<li>Ma\u00dfe: 10,5 cm x 5,9 cm<\/li>\n<li>Material: 300g Papier \/ Pappe<\/li>\n<li>Druck: Digitaldruck, seidenmatt<\/li>\n<\/ul>\n<p><strong>Lieferumfang:<\/strong><\/p>\n<ul>\n<li>30 leere universelle Trennkarten<\/li>\n<\/ul>\n<p>&nbsp;<\/p>\n","protected":false},"excerpt":{"rendered":"<p>Unsere Allarounder Trennkarten: <strong>30 leere universelle Trennkarten<\/strong>. Behalte den \u00dcberblick \u00fcber deine Kartenspiele. Die Trennkarten k\u00f6nnen von dir individuell beschriftet werden.<\/p>\n","protected":false},"featured_media":12028,"comment_status":"open","ping_status":"closed","template":"","meta":[],"product_cat":[34],"product_tag":[25,75],"class_list":["post-12029","product","type-product","status-publish","has-post-thumbnail","hentry","product_cat-trennkarten","product_tag-trennkarten","product_tag-universal"],"aioseo_notices":[],"_links":{"self":[{"href":"https:\/\/spielekoffer24.de\/index.php\/wp-json\/wp\/v2\/product\/12029","targetHints":{"allow":["GET"]}}],"collection":[{"href":"https:\/\/spielekoffer24.de\/index.php\/wp-json\/wp\/v2\/product"}],"about":[{"href":"https:\/\/spielekoffer24.de\/index.php\/wp-json\/wp\/v2\/types\/product"}],"replies":[{"embeddable":true,"href":"https:\/\/spielekoffer24.de\/index.php\/wp-json\/wp\/v2\/comments?post=12029"}],"wp:featuredmedia":[{"embeddable":true,"href":"https:\/\/spielekoffer24.de\/index.php\/wp-json\/wp\/v2\/media\/12028"}],"wp:attachment":[{"href":"https:\/\/spielekoffer24.de\/index.php\/wp-json\/wp\/v2\/media?parent=12029"}],"wp:term":[{"taxonomy":"product_cat","embeddable":true,"href":"https:\/\/spielekoffer24.de\/index.php\/wp-json\/wp\/v2\/product_cat?post=12029"},{"taxonomy":"product_tag","embeddable":true,"href":"https:\/\/spielekoffer24.de\/index.php\/wp-json\/wp\/v2\/product_tag?post=12029"}],"curies":[{"name":"wp","href":"https:\/\/api.w.org\/{rel}","templated":true}]}}