{"id":12020,"date":"2021-06-05T13:54:33","date_gmt":"2021-06-05T11:54:33","guid":{"rendered":"https:\/\/spielekoffer24.de\/?post_type=product&#038;p=12020"},"modified":"2024-02-03T14:55:29","modified_gmt":"2024-02-03T13:55:29","slug":"magic-the-gathering-koffer-mit-200-spielkarten-schutzhuellen","status":"publish","type":"product","link":"https:\/\/spielekoffer24.de\/index.php\/produkt\/magic-the-gathering-koffer-mit-200-spielkarten-schutzhuellen\/","title":{"rendered":"Magic the Gathering-Koffer mit 200 Spielkarten Schutzh\u00fcllen"},"content":{"rendered":"<p><strong>Magic the Gathering-Koffer:<\/strong><\/p>\n<p>In dem Set erh\u00e4ltst Du einen hochwertigen Magic Koffer, der genug Platz f\u00fcr all deine Magic the Gathering Sets (mit oder ohne Sleeves) bietet. Der Koffer hat folgende Ma\u00dfe 42,5cm x 30,5cm x 12,5cm. Das Holzinlay wurde\u00a0von einem Schreiner passend angefertigt. Die Ma\u00dfe der F\u00e4cher sind so konzipiert, dass die Ultra Pro Deck Boxen oder Sammelkarten mit H\u00fcllen genau hineinpassen. An den Innenseiten ist der Koffer mit schwarzem Moosgummi ausgestattet.<\/p>\n<p><strong>Karten Schutzh\u00fcllen &#8211; Matt schwarz:<\/strong><\/p>\n<p>Dazu erh\u00e4ltst du 2x 100 Sleeves (matt schwarz), um deine Magic Karten optimal zu sch\u00fctzen.<\/p>\n<p><strong>Wie viel passt in den Magic-Koffer? <\/strong><\/p>\n<p>Es finden <strong>3.500 Karten\u00a0<\/strong>im Koffer Platz oder bis zu <strong>30 Ultra Pro Deck Boxen<\/strong>.<\/p>\n<p><strong>Lieferumfang:<\/strong><\/p>\n<ul>\n<li>1x Alu-Koffer mit hochwertigen Holzinlay und Moosgummi<\/li>\n<li>1x Tragegurt (f\u00fcr den Koffer)<\/li>\n<li>2x je 100 Schutzh\u00fcllen (matt schwarz)<\/li>\n<\/ul>\n<p><strong>Hinweis:<\/strong><\/p>\n<ul>\n<li>Bitte beachte, dass dieser Koffer<strong> kein<\/strong> Dominion-Koffer ist! Falls du nach einem Dominion-Koffer suchst, klicke\u00a0<a href=\"https:\/\/spielekoffer24.de\/index.php\/produkt-kategorie\/dominion\/koffer\/\">hier<\/a>.<\/li>\n<li>Exkl. Ultra Pro Deck Boxen<\/li>\n<\/ul>\n","protected":false},"excerpt":{"rendered":"<p>Unser Magic the Gathering-Koffer inkl. 200 Spielkarten Schutzh\u00fcllen.<\/p>\n","protected":false},"featured_media":12050,"comment_status":"open","ping_status":"closed","template":"","meta":[],"product_cat":[45,21],"product_tag":[],"class_list":["post-12020","product","type-product","status-publish","has-post-thumbnail","hentry","product_cat-magic-koffer","product_cat-magic"],"aioseo_notices":[],"_links":{"self":[{"href":"https:\/\/spielekoffer24.de\/index.php\/wp-json\/wp\/v2\/product\/12020","targetHints":{"allow":["GET"]}}],"collection":[{"href":"https:\/\/spielekoffer24.de\/index.php\/wp-json\/wp\/v2\/product"}],"about":[{"href":"https:\/\/spielekoffer24.de\/index.php\/wp-json\/wp\/v2\/types\/product"}],"replies":[{"embeddable":true,"href":"https:\/\/spielekoffer24.de\/index.php\/wp-json\/wp\/v2\/comments?post=12020"}],"wp:featuredmedia":[{"embeddable":true,"href":"https:\/\/spielekoffer24.de\/index.php\/wp-json\/wp\/v2\/media\/12050"}],"wp:attachment":[{"href":"https:\/\/spielekoffer24.de\/index.php\/wp-json\/wp\/v2\/media?parent=12020"}],"wp:term":[{"taxonomy":"product_cat","embeddable":true,"href":"https:\/\/spielekoffer24.de\/index.php\/wp-json\/wp\/v2\/product_cat?post=12020"},{"taxonomy":"product_tag","embeddable":true,"href":"https:\/\/spielekoffer24.de\/index.php\/wp-json\/wp\/v2\/product_tag?post=12020"}],"curies":[{"name":"wp","href":"https:\/\/api.w.org\/{rel}","templated":true}]}}