{"id":11877,"date":"2021-04-23T09:48:21","date_gmt":"2021-04-23T07:48:21","guid":{"rendered":"https:\/\/spielekoffer24.de\/?post_type=product&#038;p=11877"},"modified":"2024-01-28T20:54:13","modified_gmt":"2024-01-28T19:54:13","slug":"dominion-empires-2-edition","status":"publish","type":"product","link":"https:\/\/spielekoffer24.de\/index.php\/produkt\/dominion-empires-2-edition\/","title":{"rendered":"Dominion Empires 2. Edition"},"content":{"rendered":"<p><strong>Die Dominion-Erweiterung Empires 2. Edition enth\u00e4lt:<\/strong><\/p>\n<p>Ist diese Welt nicht sch\u00f6n? Auf jeden Fall ist sie ziemlich gro\u00df und dein K\u00f6nigreich absolut gigantisch. Eigentlich ist es schon gar kein K\u00f6nigreich mehr, sondern ein Imperium. Was dich ja dann zum Imperator macht. Und was w\u00e4re dieser Titel ohne ein gewaltiges Verm\u00f6gen, prunkvolle Wagenrennen zu deinen Ehren oder ein echtes K\u00f6nigsschloss, in das du bald einziehen kannst? Dominion Empires ist die 10. Erweiterung zu Dominion und kann nur zusammen mit einem Basisspiel und\/oder den Basiskarten gespielt werden.<\/p>\n<p><strong>Besonderheiten der Empires-Erweiterung<\/strong>:<\/p>\n<ul>\n<li>mit Papp- statt Metallmarkern<\/li>\n<li>Enth\u00e4lt 300 Karten &amp; 96 Pappmarker<\/li>\n<li>F\u00fchrt die neue Kartenart Landmarken sowie die neue Funktionalit\u00e4t Schulden ein \u2013 Karten k\u00f6nnen gekauft, sp\u00e4ter bezahlt werden<\/li>\n<li>Komplexit\u00e4tsgrad: mittel-schwer, daher vor allem f\u00fcr Vielspieler empfohlen<\/li>\n<li>Klicke <a href=\"https:\/\/spielekoffer24.de\/wp-content\/uploads\/2021\/05\/Spielregeln_Dominion-Empires_2.-Edition.pdf\">HIER<\/a>, um die Spielregeln herunterzuladen<\/li>\n<\/ul>\n<p><b>Lieferumfang:\u00a0<\/b><\/p>\n<ul>\n<li>Dominion-Empires 2. Edition<\/li>\n<\/ul>\n<p><strong>Schneller Aufbau der Spiele, praktische Aufbewahrung der Karten und einfacher Transport!<\/strong><\/p>\n<p>Aufbauanleitung (PDF): <a href=\"http:\/\/spielekoffer24.de\/wp-content\/uploads\/2016\/07\/Aufbauanleitung-Dominion-Koffer.pdf\" target=\"_blank\" rel=\"noopener noreferrer\">Aufbauanleitung Dominion-Koffer\u00a0<\/a><\/p>\n","protected":false},"excerpt":{"rendered":"<p>Jetzt neu! Dominion Erweiterung &#8220;<strong>Empires 2. Edition<\/strong>&#8220;.<\/p>\n","protected":false},"featured_media":12791,"comment_status":"open","ping_status":"closed","template":"","meta":[],"product_cat":[19,35],"product_tag":[],"class_list":["post-11877","product","type-product","status-publish","has-post-thumbnail","hentry","product_cat-dominion","product_cat-spiele","product_shipping_class-koffer"],"aioseo_notices":[],"_links":{"self":[{"href":"https:\/\/spielekoffer24.de\/index.php\/wp-json\/wp\/v2\/product\/11877","targetHints":{"allow":["GET"]}}],"collection":[{"href":"https:\/\/spielekoffer24.de\/index.php\/wp-json\/wp\/v2\/product"}],"about":[{"href":"https:\/\/spielekoffer24.de\/index.php\/wp-json\/wp\/v2\/types\/product"}],"replies":[{"embeddable":true,"href":"https:\/\/spielekoffer24.de\/index.php\/wp-json\/wp\/v2\/comments?post=11877"}],"wp:featuredmedia":[{"embeddable":true,"href":"https:\/\/spielekoffer24.de\/index.php\/wp-json\/wp\/v2\/media\/12791"}],"wp:attachment":[{"href":"https:\/\/spielekoffer24.de\/index.php\/wp-json\/wp\/v2\/media?parent=11877"}],"wp:term":[{"taxonomy":"product_cat","embeddable":true,"href":"https:\/\/spielekoffer24.de\/index.php\/wp-json\/wp\/v2\/product_cat?post=11877"},{"taxonomy":"product_tag","embeddable":true,"href":"https:\/\/spielekoffer24.de\/index.php\/wp-json\/wp\/v2\/product_tag?post=11877"}],"curies":[{"name":"wp","href":"https:\/\/api.w.org\/{rel}","templated":true}]}}