{"id":11779,"date":"2021-04-09T22:48:38","date_gmt":"2021-04-09T20:48:38","guid":{"rendered":"https:\/\/spielekoffer24.de\/?post_type=product&#038;p=11779"},"modified":"2025-01-19T19:42:18","modified_gmt":"2025-01-19T18:42:18","slug":"magic-the-gathering-koffer-set-1","status":"publish","type":"product","link":"https:\/\/spielekoffer24.de\/index.php\/produkt\/magic-the-gathering-koffer-set-1\/","title":{"rendered":"Magic the Gathering-Koffer-Set 1"},"content":{"rendered":"<p><strong>Magic the Gathering-Koffer<\/strong><\/p>\n<p>In dem Set erh\u00e4ltst Du einen hochwertigen Magic Koffer, der genug Platz f\u00fcr all deine Magic the Gathering Sets (mit oder ohne Sleeves) bietet. Der Koffer hat folgende Ma\u00dfe 42,5cm x 30,5cm x 12,5cm. Das Holzinlay wurde\u00a0von einem Schreiner passend angefertigt. Die Ma\u00dfe der F\u00e4cher sind so konzipiert, dass die Ultra Pro Deck Boxen oder Sammelkarten mit H\u00fcllen genau hineinpassen. An den Innenseiten ist der Koffer mit schwarzem Moosgummi ausgestattet.<\/p>\n<p><strong>Gamegenic Spielmatte und Tube<\/strong><\/p>\n<p>Die Gamegenic Playmat und der passende Aufbewahrungs-Tube bringen Dein Magic Spiel aufs n\u00e4chste Level! Die Spielmatte ist mit einer rutschfesten R\u00fcckseite versehen und sch\u00fctzt Deine Karten vor rauen oder schmutzigen Oberfl\u00e4chen. Die Matte hat folgende Ma\u00dfe: 61 x 35 cm.\u00a0Die Playmat Tube sch\u00fctzt deine Spielmatte und macht sowohl das verreisen und verstauen der Matte kinderleicht.<\/p>\n<p><strong>Wie viel passt in den Magic-Koffer? <\/strong><\/p>\n<p>Es finden <strong>3.500 Karten\u00a0<\/strong>im Koffer Platz oder bis zu <strong>30 Ultra Pro Deck Boxen<\/strong>.<\/p>\n<p><strong>Lieferumfang:<\/strong><\/p>\n<div>\u20221x Alu-Koffer mit hochwertigen Holzinlay und Mosgummi<\/div>\n<div>\u20221x Tragegurt (f\u00fcr den Koffer)<\/div>\n<div>\u20221x Gamegenic Playmat (rot\/Schwarz)<\/div>\n<div>\u20221x Gamegenic Matten-Tube (schwarz<\/div>\n<div><\/div>\n<div>Ultra Pro Deck Boxen und Schutzh\u00fcllen sind nicht im Angebot enthalten.<\/div>\n<div><\/div>\n","protected":false},"excerpt":{"rendered":"<p>Unser Magic the Gathering-Koffer-Set 1 ist perfekt f\u00fcr alle MTG-Spieler! Inkl. Spielmatte und Aufbewahrungs-Tube<\/p>\n","protected":false},"featured_media":11811,"comment_status":"open","ping_status":"closed","template":"","meta":[],"product_cat":[45,32,21],"product_tag":[24,72,31,73],"class_list":["post-11779","product","type-product","status-publish","has-post-thumbnail","hentry","product_cat-magic-koffer","product_cat-set","product_cat-magic","product_tag-koffer","product_tag-magic","product_tag-mobil","product_tag-mtg"],"aioseo_notices":[],"_links":{"self":[{"href":"https:\/\/spielekoffer24.de\/index.php\/wp-json\/wp\/v2\/product\/11779","targetHints":{"allow":["GET"]}}],"collection":[{"href":"https:\/\/spielekoffer24.de\/index.php\/wp-json\/wp\/v2\/product"}],"about":[{"href":"https:\/\/spielekoffer24.de\/index.php\/wp-json\/wp\/v2\/types\/product"}],"replies":[{"embeddable":true,"href":"https:\/\/spielekoffer24.de\/index.php\/wp-json\/wp\/v2\/comments?post=11779"}],"wp:featuredmedia":[{"embeddable":true,"href":"https:\/\/spielekoffer24.de\/index.php\/wp-json\/wp\/v2\/media\/11811"}],"wp:attachment":[{"href":"https:\/\/spielekoffer24.de\/index.php\/wp-json\/wp\/v2\/media?parent=11779"}],"wp:term":[{"taxonomy":"product_cat","embeddable":true,"href":"https:\/\/spielekoffer24.de\/index.php\/wp-json\/wp\/v2\/product_cat?post=11779"},{"taxonomy":"product_tag","embeddable":true,"href":"https:\/\/spielekoffer24.de\/index.php\/wp-json\/wp\/v2\/product_tag?post=11779"}],"curies":[{"name":"wp","href":"https:\/\/api.w.org\/{rel}","templated":true}]}}