{"id":101,"date":"2016-02-06T11:44:43","date_gmt":"2016-02-06T10:44:43","guid":{"rendered":"http:\/\/spielekoffer24.de\/?post_type=product&#038;p=101"},"modified":"2024-07-10T13:00:25","modified_gmt":"2024-07-10T11:00:25","slug":"7-dominion-trennkarten-fuer-promotion","status":"publish","type":"product","link":"https:\/\/spielekoffer24.de\/index.php\/produkt\/7-dominion-trennkarten-fuer-promotion\/","title":{"rendered":"11 Dominion-Trennkarten f\u00fcr &#8220;Promotion&#8221;"},"content":{"rendered":"<p><strong>11 Trennkarten f\u00fcr Promotion, perfekt f\u00fcr deinen Dominion-Koffer!<\/strong><\/p>\n<p>Unsere 11 Trennkarten helfen dir beim alphabetischen einsortieren der &#8220;Promotion&#8221;.<\/p>\n<p><strong>Weniger Regeln suchen, mehr spielen!<\/strong><\/p>\n<p>Als Bonus sind auf \u00a0den Trennkarten die Regeln zur jeweiligen K\u00f6nigsreichskarte zu finden, so bleibt dir langwieriges Suchen nach den Dominion Spielregeln erspart.<\/p>\n<p><strong>Lieferumfang:<\/strong><\/p>\n<ul>\n<li>11 Trennkarten f\u00fcr die Dominion Erweiterung &#8220;Promotion&#8221;\n<ul>\n<li>Trennkarte Gesandter<\/li>\n<li>Trennkarte Befestigtes Dorf<\/li>\n<li>Trennkarte\u00a0Gouverneur<\/li>\n<li>Trennkarte\u00a0Schwarzmarkt (2x)<\/li>\n<li>Trennkarte\u00a0Geldversteck<\/li>\n<li>Trennkarte\u00a0Prinz<\/li>\n<li>Trennkarte Sauna \/ Eisloch<\/li>\n<li>Trennkarte Abbruch<\/li>\n<li>Trennkarte Schweriner Dom<\/li>\n<li>Trennkarte Kapit\u00e4n Tobias<\/li>\n<\/ul>\n<\/li>\n<\/ul>\n<p><strong>Trennkarten-Details:<\/strong><\/p>\n<ul type=\"disc\">\n<li>Ma\u00dfe: 10,5 cm x 5,9 cm<\/li>\n<li>Material: 300g Papier \/ Pappe<\/li>\n<li>Druck: Digitaldruck, seidenmatt<\/li>\n<\/ul>\n<p><strong>Unsere Empfehlung: Der Dominion-Koffer\u00a0<\/strong><\/p>\n<p>Einfaches Sortieren der Dominion-Karten und schneller Aufbau der Spiele!\u00a0In unseren hochwertigen Dominion-Koffer passen alle Spielkarten der bisher existierenden Dominion-Editionen. \u00a0Mit den passenden Trennkarten kannst du ganz einfach deine Dominionkarten schnell und einfach sortieren. Mit dem Dominion-Koffer bist du stets organisiert und mobil.<\/p>\n<p>Unseren Dominion-Koffer findest du <a href=\"https:\/\/spielekoffer24.de\/index.php\/produkt\/dominion-koffer\/\">hier<\/a>.<\/p>\n<p>Suchst du nicht nur nach einem Dominion-Koffer sondern auch nach weiteren Trennkarten? Dann empfehlen wir unser Dominion-Koffer-Set 1 mit einem kompletten Set von Dominion-Trennkarten.<\/p>\n<p>Unser Dominion-Koffer-Set 1 findest du <a href=\"https:\/\/spielekoffer24.de\/index.php\/produkt\/dominion-koffer-inkl-dominion-trennkarten-set-253-stk\/\">hier<\/a>.<\/p>\n","protected":false},"excerpt":{"rendered":"<p>Unsere 11 Trennkarten zum alphabetischen einsortieren der \u00a0<strong>\u201cPromotions\u201d<\/strong>.<\/p>\n","protected":false},"featured_media":11978,"comment_status":"open","ping_status":"closed","template":"","meta":[],"product_cat":[19,34],"product_tag":[],"class_list":["post-101","product","type-product","status-publish","has-post-thumbnail","hentry","product_cat-dominion","product_cat-trennkarten","product_shipping_class-trennkarten"],"aioseo_notices":[],"_links":{"self":[{"href":"https:\/\/spielekoffer24.de\/index.php\/wp-json\/wp\/v2\/product\/101","targetHints":{"allow":["GET"]}}],"collection":[{"href":"https:\/\/spielekoffer24.de\/index.php\/wp-json\/wp\/v2\/product"}],"about":[{"href":"https:\/\/spielekoffer24.de\/index.php\/wp-json\/wp\/v2\/types\/product"}],"replies":[{"embeddable":true,"href":"https:\/\/spielekoffer24.de\/index.php\/wp-json\/wp\/v2\/comments?post=101"}],"wp:featuredmedia":[{"embeddable":true,"href":"https:\/\/spielekoffer24.de\/index.php\/wp-json\/wp\/v2\/media\/11978"}],"wp:attachment":[{"href":"https:\/\/spielekoffer24.de\/index.php\/wp-json\/wp\/v2\/media?parent=101"}],"wp:term":[{"taxonomy":"product_cat","embeddable":true,"href":"https:\/\/spielekoffer24.de\/index.php\/wp-json\/wp\/v2\/product_cat?post=101"},{"taxonomy":"product_tag","embeddable":true,"href":"https:\/\/spielekoffer24.de\/index.php\/wp-json\/wp\/v2\/product_tag?post=101"}],"curies":[{"name":"wp","href":"https:\/\/api.w.org\/{rel}","templated":true}]}}