{"id":11699,"date":"2021-03-31T17:22:57","date_gmt":"2021-03-31T15:22:57","guid":{"rendered":"https:\/\/spielekoffer24.de\/?page_id=11699"},"modified":"2021-03-31T17:22:58","modified_gmt":"2021-03-31T15:22:58","slug":"das-sagen-unsere-kunden","status":"publish","type":"page","link":"https:\/\/spielekoffer24.de\/index.php\/das-sagen-unsere-kunden\/","title":{"rendered":"Das sagen unsere Kunden"},"content":{"rendered":"\n<div class=\"flex_column av_one_full  flex_column_div av-zero-column-padding first  \" style='border-radius:0px; '><p><div style='padding-bottom:10px; color:#a81010;font-size:24px;' class='av-special-heading av-special-heading-h3 custom-color-heading blockquote modern-quote modern-centered   av-inherit-size '><h3 class='av-special-heading-tag '  itemprop=\"headline\"  >Das sagen unsere Kunden!<span style=\"font-size: inherit;\"><\/h3><div class='special-heading-border'><div class='special-heading-inner-border' style='border-color:#a81010'><\/div><\/div><\/div>\u00a0<\/span><\/p>\n<p><div style=' margin-top:30px; margin-bottom:30px;'  class='hr hr-custom hr-center hr-icon-yes  '><span class='hr-inner   inner-border-av-border-thin' style=' width:30%;' ><span class='hr-inner-style'><\/span><\/span><span class='av-seperator-icon'  aria-hidden='true' data-av_icon='\ue82b' data-av_iconfont='entypo-fontello'><\/span><span class='hr-inner   inner-border-av-border-thin' style=' width:30%;' ><span class='hr-inner-style'><\/span><\/span><\/div><br \/>\n<div class=\"flex_column av_one_full  flex_column_div av-zero-column-padding first  \" style='border-radius:0px; '><\/div><span class=\"av_font_icon avia_animate_when_visible  av-icon-style-  avia-icon-pos-center \" style=\"color:#83a846; border-color:#83a846;\"><span class='av-icon-char' style='font-size:100px;line-height:100px;' aria-hidden='true' data-av_icon='\ue803' data-av_iconfont='fontello' ><\/span><\/span><br \/>\n<div style='color:#eace44' class=\"avia-animated-number av-force-default-color  avia-color-font-custom  avia_animate_when_visible\" style='color:#eace44'><strong class=\"heading avia-animated-number-title\" ><span class='avia-animated-number-icon av-icon-before-number av-icon-char' aria-hidden='true' data-av_icon='\ue809' data-av_iconfont='entypo-fontello'><\/span><span class=\"avia-single-number __av-single-number\" data-number=\"4\">4<\/span><span class=\"avia-no-number\">,<\/span><span class=\"avia-single-number __av-single-number\" data-number=\"4\">4<\/span><\/strong><div class='avia-animated-number-content' ><p>.. Sterne als<br \/>Kundenbewertung<br \/>von euch bei Amazon!<\/p>\n<\/div><\/div><br \/>\n<div class=\"flex_column av_one_half  flex_column_div av-zero-column-padding first  \" style='border-radius:0px; '><p><div  data-autoplay='1'  data-interval='5'  data-animation='fade'  data-hoverpause='1'  class='avia-testimonial-wrapper avia-grid-testimonials avia-grid-1-testimonials avia_animate_when_almost_visible   '><section class ='avia-testimonial-row'><div class='avia-testimonial av_one_full flex_column no_margin avia-testimonial-row-1 avia-first-testimonialavia-last-testimonial'  itemscope=\"itemscope\" itemtype=\"https:\/\/schema.org\/Person\" ><div class='avia-testimonial_inner'><div class='avia-testimonial-content '    itemscope=\"itemscope\" itemtype=\"https:\/\/schema.org\/CreativeWork\" ><p><span style=\"color: #800000;\"><em>Produkt: Dominion-Koffer inkl. Trennkarten-Set<\/em><\/span><\/p>\n<p><strong><span class=\"a-size-base a-text-bold\">Spitzen Idee als Erg\u00e4nzung f\u00fcr die ganze Spielesammlung.<\/span><\/strong><\/p>\n<p>Der Koffer macht auf den ersten Blick einen sehr stabilen Eindruck. Die Innenseite ist mit weichem Schaumstoff gef\u00fcttert und enth\u00e4lt einen Setzrahmen aus Sperrholz. Dieser ist gut eingearbeitet. In unserem Exemplar ist die. Rahmenh\u00f6he leicht h\u00f6her als der Kofferrand, sodass sich dieser in den Schaumstozff des Deckels leicht eindr\u00fcckt. Die Trennkarten sind super ( selbst das neue &#8220;Abenteuet&#8221; ist bei mir enthalten), dr\u00fccken sich jedoch auch leicht in den Schaumstoff. Ob so gewollt, oder nicht, auf jeden Fall ist jetzt alles kompakt und vor allem transportsicher verpackt. (p.s. Spitze finde ich, das selbst die unterschiedliche Kartenbezeichnung Wahrsagerin\/Hellseherin ber\u00fccksichtigt wurde. Da findet dann jeder die &#8220;passende&#8221; Karte)<\/p>\n<\/div><div class='avia-testimonial-meta'><div class='avia-testimonial-arrow-wrap'><div class='avia-arrow'><\/div><\/div><div class='avia-testimonial-meta-mini'><strong  class='avia-testimonial-name'    itemprop=\"name\" >(Amazon)<\/strong><\/div><\/div><\/div><\/div><\/section><section class ='avia-testimonial-row'><div class='avia-testimonial av_one_full flex_column no_margin avia-testimonial-row-2 avia-first-testimonialavia-last-testimonial'  itemscope=\"itemscope\" itemtype=\"https:\/\/schema.org\/Person\" ><div class='avia-testimonial_inner'><div class='avia-testimonial-content '    itemscope=\"itemscope\" itemtype=\"https:\/\/schema.org\/CreativeWork\" ><p><span style=\"color: #800000;\"><em>Produkt: Dominion-Koffer inkl. Trennkarten-Set<\/em><\/span><\/p>\n<p><strong><span class=\"a-size-base a-text-bold\">ziemlich gut<\/span><\/strong><\/p>\n<p>Ziemlich gute L\u00f6sung, perfekt w\u00e4re eine bessere L\u00f6sung f\u00fcr die Tableaus und Marker, die aber auch gut funktionieren, da man die Tableaus gerade so diagonal in ein Fach bekommt womit in dem in den Ecken ordentlich Platz ist f\u00fcr Marker. Eigentlich also schon Richtung f\u00fcnf Sterne. Ich bin nach einem Marathon von 14 Stunden Dominion sehr zufrieden mit der L\u00f6sung &#8211; und f\u00fcr den Transport ist das sowieso unschlagbar. Sortiert sechs oder mehr Boxen zu reisen ist ja vollkommen unpraktikabel und sie einfach in eine Box ohne Trenner zu packen unspielbar &#8211; also voll zufrieden.<\/p>\n<\/div><div class='avia-testimonial-meta'><div class='avia-testimonial-arrow-wrap'><div class='avia-arrow'><\/div><\/div><div class='avia-testimonial-meta-mini'><strong  class='avia-testimonial-name'    itemprop=\"name\" >(Amazon)<\/strong><\/div><\/div><\/div><\/div><\/section><\/div><br \/>\n<div class='av-social-sharing-box  '><div class='av-share-box'><h5 class='av-share-link-description'>Jetzt Weitersagen...<\/h5><ul class='av-share-box-list noLightbox'><li class='av-share-link av-social-link-facebook' ><a target='_blank' href='http:\/\/www.facebook.com\/sharer.php?u=https:\/\/spielekoffer24.de\/index.php\/das-sagen-unsere-kunden\/&amp;t=Das%20sagen%20unsere%20Kunden' aria-hidden='true' data-av_icon='\ue8f3' data-av_iconfont='entypo-fontello' title='' data-avia-related-tooltip='Teilen auf Facebook'><span class='avia_hidden_link_text'>Teilen auf Facebook<\/span><\/a><\/li><li class='av-share-link av-social-link-twitter' ><a target='_blank' href='https:\/\/twitter.com\/share?text=Das%20sagen%20unsere%20Kunden&url=https:\/\/spielekoffer24.de\/?p=11699' aria-hidden='true' data-av_icon='\ue8f1' data-av_iconfont='entypo-fontello' title='' data-avia-related-tooltip='Teilen auf Twitter'><span class='avia_hidden_link_text'>Teilen auf Twitter<\/span><\/a><\/li><li class='av-share-link av-social-link-gplus' ><a target='_blank' href='https:\/\/plus.google.com\/share?url=https:\/\/spielekoffer24.de\/index.php\/das-sagen-unsere-kunden\/' aria-hidden='true' data-av_icon='\ue8f6' data-av_iconfont='entypo-fontello' title='' data-avia-related-tooltip='Auf Google+ teilen'><span class='avia_hidden_link_text'>Auf Google+ teilen<\/span><\/a><\/li><li class='av-share-link av-social-link-mail' ><a  href='mailto:?subject=Das%20sagen%20unsere%20Kunden&amp;body=https:\/\/spielekoffer24.de\/index.php\/das-sagen-unsere-kunden\/' aria-hidden='true' data-av_icon='\ue805' data-av_iconfont='entypo-fontello' title='' data-avia-related-tooltip='Per E-Mail teilen'><span class='avia_hidden_link_text'>Per E-Mail teilen<\/span><\/a><\/li><\/ul><\/div><\/div><\/p><\/div><br \/>\n<div class=\"flex_column av_one_half  flex_column_div av-zero-column-padding   \" style='border-radius:0px; '><div  data-autoplay='1'  data-interval='5'  data-animation='fade'  data-hoverpause='1'  class='avia-testimonial-wrapper avia-grid-testimonials avia-grid-1-testimonials avia_animate_when_almost_visible   '><section class ='avia-testimonial-row'><div class='avia-testimonial av_one_full flex_column no_margin avia-testimonial-row-1 avia-first-testimonialavia-last-testimonial'  itemscope=\"itemscope\" itemtype=\"https:\/\/schema.org\/Person\" ><div class='avia-testimonial_inner'><div class='avia-testimonial-content '    itemscope=\"itemscope\" itemtype=\"https:\/\/schema.org\/CreativeWork\" ><p><span style=\"color: #800000;\"><em>Produkt: Dominion-Koffer inkl. Trennkarten-Set<\/em><\/span><\/p>\n<p><strong><span class=\"a-size-base a-text-bold\">Genial f\u00fcr jeden Fan<\/span><\/strong><\/p>\n<p>Ich als Fan der Reihe muss sagen gef\u00e4llt der Koffer sehr gut. Es spart nicht nur Unmengen platz da alle derzeitigen Editionen rein passen und es so sehr Transportabel f\u00fcr spiele Abendende au\u00dferhalb meiner 4 w\u00e4nde gibt.<\/p>\n<p>Die Verarbeitung macht einen sehr guten eindruck und auch beim Hin und herschwenken oder das auf den Kopfdrehen bleiben die Karten an Ort und stelle.<\/p>\n<p>Einen Stern muss ich leider abziehen. Den Dominion bestehet leider nicht nur aus Karten. nach dem Ich alle karten verstaut hatte habe ich keine platz mehr gefunden f\u00fcr die Marken Bretter und M\u00fcnzen. Nicht besonders \u00e4rgerlich weil man dann einfach ne kleine schachtel nehmen kann. Allerdings h\u00e4tte mich da eine fach an der au\u00dfen Seite sehr erfreut<\/p>\n<div id=\"revData-dpReviewsMostHelpfulAUI-R1PDJUXGKD9U05\" class=\"a-row a-spacing-small\">\u00a0<\/div>\n<\/div><div class='avia-testimonial-meta'><div class='avia-testimonial-arrow-wrap'><div class='avia-arrow'><\/div><\/div><div class='avia-testimonial-meta-mini'><strong  class='avia-testimonial-name'    itemprop=\"name\" >(Amazon)<\/strong><\/div><\/div><\/div><\/div><\/section><section class ='avia-testimonial-row'><div class='avia-testimonial av_one_full flex_column no_margin avia-testimonial-row-2 avia-first-testimonialavia-last-testimonial'  itemscope=\"itemscope\" itemtype=\"https:\/\/schema.org\/Person\" ><div class='avia-testimonial_inner'><div class='avia-testimonial-content '    itemscope=\"itemscope\" itemtype=\"https:\/\/schema.org\/CreativeWork\" ><p><span style=\"color: #800000;\"><em>Produkt: Dominion-Koffer inkl. Trennkarten-Set<\/em><\/span><\/p>\n<p><strong>Ideal f\u00fcr alle die Dominion \u00f6fter spielen, und nicht wissen wohin mit all diese Katon&#8217;s.<\/strong><\/p>\n<p>Der Koffer entspricht der Beschreibung.<\/p>\n<p>Obwohl eines verwirrend war. In der Beschreibung steht, dass der Koffer Silber ist. auf dem Bild jedoch ist er Schwartz mit Silbernen Kannten.<br \/>Nun, bei mir ist er tats\u00e4chlich nur Silbern. Lediglich die Ecken sind Schwarz.<\/p>\n<p>Eine Positive \u00dcberraschung gab es hingegen beim \u00d6ffnen. Also die Trennw\u00e4nde sind, wie auch auf den Bildern zu erkennen ist, aus Holz.<br \/>Die Innenseite des Koffers ist (und das ist auf den Bildern nicht zu erkennen) &#8220;samtweich&#8221;.<br \/>Desshalb auch 5 sterne.<\/p>\n<\/div><div class='avia-testimonial-meta'><div class='avia-testimonial-arrow-wrap'><div class='avia-arrow'><\/div><\/div><div class='avia-testimonial-meta-mini'><strong  class='avia-testimonial-name'    itemprop=\"name\" >(Amazon)<\/strong><\/div><\/div><\/div><\/div><\/section><\/div><\/div><br \/>\n<div style=' margin-top:120px; margin-bottom:120px;'  class='hr hr-custom hr-center hr-icon-yes  '><span class='hr-inner   inner-border-av-border-thin' style=' width:30%;' ><span class='hr-inner-style'><\/span><\/span><span class='av-seperator-icon'  aria-hidden='true' data-av_icon='\ue859' data-av_iconfont='entypo-fontello'><\/span><span class='hr-inner   inner-border-av-border-thin' style=' width:30%;' ><span class='hr-inner-style'><\/span><\/span><\/div><br \/>\n<div class=\"flex_column av_one_full  flex_column_div av-zero-column-padding first  \" style='border-radius:0px; '><\/div><div  data-autoplay=''  data-interval='5'  data-animation='fade'  data-hoverpause='1'  class='template-shop avia-content-slider avia-content-grid-active avia-content-slider1 avia-content-slider-odd   shop_columns_3' ><div class='product-sorting'>    <ul class='sort-param sort-param-order'>    \t<li><span class='currently-selected'>Sortieren nach <strong>Standardsortierung<\/strong><\/span>    \t<ul>    \t<li class='current-param'><a href='?product_order=default' rel=\"nofollow\">\t<span class='avia-bullet'><\/span>Standardsortierung<\/a><\/li>    \t<li><a href='?product_order=title' rel=\"nofollow\">\t<span class='avia-bullet'><\/span>Name<\/a><\/li>    \t<li><a href='?product_order=price' rel=\"nofollow\">\t<span class='avia-bullet'><\/span>Preis<\/a><\/li>    \t<li><a href='?product_order=date' rel=\"nofollow\">\t<span class='avia-bullet'><\/span>Datum<\/a><\/li>    \t<li><a href='?product_order=popularity' rel=\"nofollow\">\t<span class='avia-bullet'><\/span>Beliebtheit<\/a><\/li>    \t<\/ul>    \t<\/li>    <\/ul>    <ul class='sort-param sort-param-sort'>    \t<li>    \t\t<a title='Klicke, um die Produkte in absteigender Reihenfolge zu sortieren' class='sort-param-desc' href='?product_sort=desc' rel=\"nofollow\">Klicke, um die Produkte in aufsteigender Reihenfolge zu sortieren<\/a>    \t<\/li>    <\/ul>    <ul class='sort-param sort-param-count'>    \t<li><span class='currently-selected'>Zeige <strong>3 Produkte pro Seite<\/strong><\/span>    \t<ul>    \t<li class='current-param'>  <a href='?paged=1&product_count=3' rel=\"nofollow\">\t\t<span class='avia-bullet'><\/span>3 Produkte pro Seite<\/a><\/li>    \t<li><a href='?paged=1&product_count=6' rel=\"nofollow\">\t<span class='avia-bullet'><\/span>6 Produkte pro Seite<\/a><\/li>    \t<li><a href='?paged=1&product_count=9' rel=\"nofollow\">\t<span class='avia-bullet'><\/span>9 Produkte pro Seite<\/a><\/li>    \t<\/ul>    \t<\/li>\t<\/ul><\/div><div class='avia-content-slider-inner'><ul class=\"products\"><li class=\"product type-product post-73 status-publish first instock product_cat-dominion product_cat-koffer product_tag-dominion product_tag-koffer product_tag-mobil product_tag-transport has-post-thumbnail shipping-taxable purchasable product-type-simple\">\n\t<div class='inner_product main_color wrapped_style noLightbox  av-product-class-'><div class='thumbnail_container'><img decoding=\"async\" width=\"450\" height=\"450\" src=\"https:\/\/spielekoffer24.de\/wp-content\/uploads\/2016\/02\/Koffer-offen_web-450x450.png\" class=\"attachment-shop_catalog size-shop_catalog wp-post-image\" alt=\"Dominion Koffer Layout\" srcset=\"https:\/\/spielekoffer24.de\/wp-content\/uploads\/2016\/02\/Koffer-offen_web-450x450.png 450w, https:\/\/spielekoffer24.de\/wp-content\/uploads\/2016\/02\/Koffer-offen_web-100x100.png 100w, https:\/\/spielekoffer24.de\/wp-content\/uploads\/2016\/02\/Koffer-offen_web-80x80.png 80w, https:\/\/spielekoffer24.de\/wp-content\/uploads\/2016\/02\/Koffer-offen_web-36x36.png 36w, https:\/\/spielekoffer24.de\/wp-content\/uploads\/2016\/02\/Koffer-offen_web-180x180.png 180w\" sizes=\"(max-width: 450px) 100vw, 450px\" \/><span class='rating_container'><div class=\"star-rating\" role=\"img\" aria-label=\"Rated 5.00 out of 5\"><span style=\"width:100%\">Rated <strong class=\"rating\">5.00<\/strong> out of 5<\/span><\/div><\/span><span class='cart-loading'><\/span><\/div><div class='inner_product_header'><div class='avia-arrow'><\/div><div class='inner_product_header_table'><div class='inner_product_header_cell'>\n<\/div><\/div><\/div>\n    <p class=\"wc-gzd-additional-info shipping-costs-info\">zzgl. <a href=\"https:\/\/spielekoffer24.de\/index.php\/versandarten\/\" target=\"_blank\">Versandkosten<\/a><\/p>\n\n    <p class=\"wc-gzd-additional-info delivery-time-info\">Lieferzeit: 1-4 Werktage<\/p>\n<div class='avia_cart_buttons '><a href=\"?add-to-cart=73\" data-quantity=\"1\" class=\"button product_type_simple add_to_cart_button ajax_add_to_cart\" data-product_id=\"73\" data-product_sku=\"\" aria-label=\"Add &ldquo;Dominion-Koffer&rdquo; to your cart\" rel=\"nofollow\"><span aria-hidden='true' data-av_icon='\ue859' data-av_iconfont='entypo-fontello'><\/span> Add to cart<\/a><a class=\"button show_details_button\" href=\"https:\/\/spielekoffer24.de\/index.php\/produkt\/dominion-koffer\/\"><span aria-hidden='true' data-av_icon='\ue84b' data-av_iconfont='entypo-fontello'><\/span>  Zeige Details<\/a> <span class='button-mini-delimiter'><\/span><\/div><\/div><\/li>\n<li class=\"product type-product post-2772 status-publish instock product_cat-dominion product_cat-trennkarten product_tag-dominion product_tag-mobil product_tag-trennkarten has-post-thumbnail shipping-taxable purchasable product-type-simple\">\n\t<div class='inner_product main_color wrapped_style noLightbox  av-product-class-'><div class='thumbnail_container'><img decoding=\"async\" width=\"450\" height=\"450\" src=\"https:\/\/spielekoffer24.de\/wp-content\/uploads\/2021\/05\/13_Tennkarten-Clean-Packs_Nocturne-450x450.png\" class=\"attachment-shop_catalog size-shop_catalog wp-post-image\" alt=\"\" srcset=\"https:\/\/spielekoffer24.de\/wp-content\/uploads\/2021\/05\/13_Tennkarten-Clean-Packs_Nocturne-450x450.png 450w, https:\/\/spielekoffer24.de\/wp-content\/uploads\/2021\/05\/13_Tennkarten-Clean-Packs_Nocturne-300x300.png 300w, https:\/\/spielekoffer24.de\/wp-content\/uploads\/2021\/05\/13_Tennkarten-Clean-Packs_Nocturne-80x80.png 80w, https:\/\/spielekoffer24.de\/wp-content\/uploads\/2021\/05\/13_Tennkarten-Clean-Packs_Nocturne-768x768.png 768w, https:\/\/spielekoffer24.de\/wp-content\/uploads\/2021\/05\/13_Tennkarten-Clean-Packs_Nocturne-36x36.png 36w, https:\/\/spielekoffer24.de\/wp-content\/uploads\/2021\/05\/13_Tennkarten-Clean-Packs_Nocturne-180x180.png 180w, https:\/\/spielekoffer24.de\/wp-content\/uploads\/2021\/05\/13_Tennkarten-Clean-Packs_Nocturne-705x705.png 705w, https:\/\/spielekoffer24.de\/wp-content\/uploads\/2021\/05\/13_Tennkarten-Clean-Packs_Nocturne-100x100.png 100w, https:\/\/spielekoffer24.de\/wp-content\/uploads\/2021\/05\/13_Tennkarten-Clean-Packs_Nocturne.png 1000w\" sizes=\"(max-width: 450px) 100vw, 450px\" \/><span class='cart-loading'><\/span><\/div><div class='inner_product_header'><div class='avia-arrow'><\/div><div class='inner_product_header_table'><div class='inner_product_header_cell'>\n<\/div><\/div><\/div>\n    <p class=\"wc-gzd-additional-info shipping-costs-info\">zzgl. <a href=\"https:\/\/spielekoffer24.de\/index.php\/versandarten\/\" target=\"_blank\">Versandkosten<\/a><\/p>\n\n    <p class=\"wc-gzd-additional-info delivery-time-info\">Lieferzeit: 1-4 Werktage<\/p>\n<div class='avia_cart_buttons '><a href=\"?add-to-cart=2772\" data-quantity=\"1\" class=\"button product_type_simple add_to_cart_button ajax_add_to_cart\" data-product_id=\"2772\" data-product_sku=\"\" aria-label=\"Add &ldquo;39 Dominion-Trennkarten f\u00fcr &quot;Nocturne&quot;&rdquo; to your cart\" rel=\"nofollow\"><span aria-hidden='true' data-av_icon='\ue859' data-av_iconfont='entypo-fontello'><\/span> Add to cart<\/a><a class=\"button show_details_button\" href=\"https:\/\/spielekoffer24.de\/index.php\/produkt\/39-dominion-trennkarten-fuer-nocturne\/\"><span aria-hidden='true' data-av_icon='\ue84b' data-av_iconfont='entypo-fontello'><\/span>  Zeige Details<\/a> <span class='button-mini-delimiter'><\/span><\/div><\/div><\/li>\n<li class=\"product type-product post-10808 status-publish last instock product_cat-dominion product_cat-trennkarten product_tag-dominion product_tag-mobil product_tag-trennkarten has-post-thumbnail shipping-taxable purchasable product-type-simple\">\n\t<div class='inner_product main_color wrapped_style noLightbox  av-product-class-'><div class='thumbnail_container'><img decoding=\"async\" width=\"450\" height=\"450\" src=\"https:\/\/spielekoffer24.de\/wp-content\/uploads\/2021\/05\/15_Tennkarten-Clean-Packs_Menagerie-450x450.png\" class=\"attachment-shop_catalog size-shop_catalog wp-post-image\" alt=\"\" srcset=\"https:\/\/spielekoffer24.de\/wp-content\/uploads\/2021\/05\/15_Tennkarten-Clean-Packs_Menagerie-450x450.png 450w, https:\/\/spielekoffer24.de\/wp-content\/uploads\/2021\/05\/15_Tennkarten-Clean-Packs_Menagerie-300x300.png 300w, https:\/\/spielekoffer24.de\/wp-content\/uploads\/2021\/05\/15_Tennkarten-Clean-Packs_Menagerie-80x80.png 80w, https:\/\/spielekoffer24.de\/wp-content\/uploads\/2021\/05\/15_Tennkarten-Clean-Packs_Menagerie-768x768.png 768w, https:\/\/spielekoffer24.de\/wp-content\/uploads\/2021\/05\/15_Tennkarten-Clean-Packs_Menagerie-36x36.png 36w, https:\/\/spielekoffer24.de\/wp-content\/uploads\/2021\/05\/15_Tennkarten-Clean-Packs_Menagerie-180x180.png 180w, https:\/\/spielekoffer24.de\/wp-content\/uploads\/2021\/05\/15_Tennkarten-Clean-Packs_Menagerie-705x705.png 705w, https:\/\/spielekoffer24.de\/wp-content\/uploads\/2021\/05\/15_Tennkarten-Clean-Packs_Menagerie-100x100.png 100w, https:\/\/spielekoffer24.de\/wp-content\/uploads\/2021\/05\/15_Tennkarten-Clean-Packs_Menagerie.png 1000w\" sizes=\"(max-width: 450px) 100vw, 450px\" \/><span class='cart-loading'><\/span><\/div><div class='inner_product_header'><div class='avia-arrow'><\/div><div class='inner_product_header_table'><div class='inner_product_header_cell'>\n<\/div><\/div><\/div>\n    <p class=\"wc-gzd-additional-info shipping-costs-info\">zzgl. <a href=\"https:\/\/spielekoffer24.de\/index.php\/versandarten\/\" target=\"_blank\">Versandkosten<\/a><\/p>\n\n    <p class=\"wc-gzd-additional-info delivery-time-info\">Lieferzeit: Standard (3-5 Werktage)<\/p>\n<div class='avia_cart_buttons '><a href=\"?add-to-cart=10808\" data-quantity=\"1\" class=\"button product_type_simple add_to_cart_button ajax_add_to_cart\" data-product_id=\"10808\" data-product_sku=\"\" aria-label=\"Add &ldquo;34 Dominion-Trennkarten f\u00fcr \u201cMenagerie\u201d&rdquo; to your cart\" rel=\"nofollow\"><span aria-hidden='true' data-av_icon='\ue859' data-av_iconfont='entypo-fontello'><\/span> Add to cart<\/a><a class=\"button show_details_button\" href=\"https:\/\/spielekoffer24.de\/index.php\/produkt\/34-dominion-trennkarten-fuer-menagerie\/\"><span aria-hidden='true' data-av_icon='\ue84b' data-av_iconfont='entypo-fontello'><\/span>  Zeige Details<\/a> <span class='button-mini-delimiter'><\/span><\/div><\/div><\/li>\n<\/ul><\/div><\/div><div class=\"clear\"><\/div><div class='pagination-wrap pagination-slider '><nav class='pagination'><span class='pagination-meta'>Seite 1 von 15<\/span><span class='current'>1<\/span><a href='https:\/\/spielekoffer24.de\/index.php\/wp-json\/wp\/v2\/pages\/11699\/page\/2\/' class='inactive' >2<\/a><a href='https:\/\/spielekoffer24.de\/index.php\/wp-json\/wp\/v2\/pages\/11699\/page\/3\/' class='inactive' >3<\/a><a href='https:\/\/spielekoffer24.de\/index.php\/wp-json\/wp\/v2\/pages\/11699\/page\/2\/'>&rsaquo;<\/a><a href='https:\/\/spielekoffer24.de\/index.php\/wp-json\/wp\/v2\/pages\/11699\/page\/15\/'>&raquo;<\/a><\/nav>\n<\/div><\/p><\/div>\n","protected":false},"excerpt":{"rendered":"","protected":false},"author":1,"featured_media":0,"parent":0,"menu_order":0,"comment_status":"closed","ping_status":"closed","template":"","meta":{"footnotes":""},"class_list":["post-11699","page","type-page","status-publish","hentry"],"aioseo_notices":[],"_links":{"self":[{"href":"https:\/\/spielekoffer24.de\/index.php\/wp-json\/wp\/v2\/pages\/11699","targetHints":{"allow":["GET"]}}],"collection":[{"href":"https:\/\/spielekoffer24.de\/index.php\/wp-json\/wp\/v2\/pages"}],"about":[{"href":"https:\/\/spielekoffer24.de\/index.php\/wp-json\/wp\/v2\/types\/page"}],"author":[{"embeddable":true,"href":"https:\/\/spielekoffer24.de\/index.php\/wp-json\/wp\/v2\/users\/1"}],"replies":[{"embeddable":true,"href":"https:\/\/spielekoffer24.de\/index.php\/wp-json\/wp\/v2\/comments?post=11699"}],"version-history":[{"count":28,"href":"https:\/\/spielekoffer24.de\/index.php\/wp-json\/wp\/v2\/pages\/11699\/revisions"}],"predecessor-version":[{"id":11736,"href":"https:\/\/spielekoffer24.de\/index.php\/wp-json\/wp\/v2\/pages\/11699\/revisions\/11736"}],"wp:attachment":[{"href":"https:\/\/spielekoffer24.de\/index.php\/wp-json\/wp\/v2\/media?parent=11699"}],"curies":[{"name":"wp","href":"https:\/\/api.w.org\/{rel}","templated":true}]}}