{"id":11457,"date":"2021-02-16T19:44:03","date_gmt":"2021-02-16T18:44:03","guid":{"rendered":"http:\/\/spielekoffer24.de\/?page_id=11457"},"modified":"2021-02-22T18:54:04","modified_gmt":"2021-02-22T17:54:04","slug":"cookie-richtlinien","status":"publish","type":"page","link":"https:\/\/spielekoffer24.de\/index.php\/cookie-richtlinien\/","title":{"rendered":"Cookie Richtlinien"},"content":{"rendered":"\n<h1>Cookie Richtlinien<\/h1>\n<ol>\n<li><strong> Einf\u00fchrung <\/strong><\/li>\n<\/ol>\n<p>Unsere Website,\u00a0http:\/\/spielekoffer24.de (im folgenden: \u201cDie Website\u201d) verwendet Cookies und \u00e4hnliche Technologien (der Einfachheit halber werden all diese unter \u201cCookies\u201d zusammengefasst). Cookies werden au\u00dferdem von uns beauftragten Drittparteien platziert. In dem unten stehendem Dokument informieren wir dich \u00fcber die Verwendung von Cookies auf unserer Website.<\/p>\n<ol start=\"2\">\n<li><strong> Was sind Cookies <\/strong><\/li>\n<\/ol>\n<p>Ein Cookie ist eine einfache kleine Datei, die gemeinsam mit den Seiten einer Internetadresse versendet und vom Webbrowser auf dem PC oder einem anderen Ger\u00e4t gespeichert werden kann. Die darin gespeicherten Informationen k\u00f6nnen w\u00e4hrend folgender Besuche zu unseren oder den Servern relevanter Drittanbieter gesendet werden.<\/p>\n<ol start=\"3\">\n<li><strong> Was sind Skripte? <\/strong><\/li>\n<\/ol>\n<p>Ein Script ist ein St\u00fcck Programmcode, das benutzt wird, um unserer Website Funktionalit\u00e4t und Interaktivit\u00e4t zu erm\u00f6glichen. Dieser Code wird auf unseren Servern oder auf deinem Ger\u00e4t ausgef\u00fchrt.<\/p>\n<ol start=\"4\">\n<li><strong> Was ist ein Web Beacon?<\/strong><\/li>\n<\/ol>\n<p>Ein Web-Beacon (auch Pixel-Tag genannt), ist ein kleines unsichtbares Textfragment oder Bild auf einer Website, das benutzt wird, um den Verkehr auf der Website zu \u00fcberwachen. Um dies zu erm\u00f6glichen werden diverse Daten von dir mittels Web-Beacons gespeichert<\/p>\n<ol start=\"5\">\n<li><strong> Cookies <\/strong><\/li>\n<\/ol>\n<p>5.1 Technische oder funktionelle Cookies<\/p>\n<p>Einige Cookies stellen sicher, dass Teile unserer Website richtig funktionieren und Ihre Nutzervorlieben bekannt bleiben. Durch das Platzieren funktionaler Cookies machen wir es Ihnen einfacher unsere Website zu besuchen. Auf diese Weise m\u00fcssen Sie bei Besuchen unserer Website nicht wiederholt die gleichen Informationen eingeben, oder deine Gegenst\u00e4nde bleiben beispielsweise in deinem Warenkorb bis Sie bezahlen. Wir k\u00f6nnen diese Cookies ohne Ihr Einverst\u00e4ndnis platzieren.<\/p>\n<p>5.2 Analysecookies<\/p>\n<p>Da Statistiken anonym erfasst werden, ist keine Erlaubnis erforderlich, um analytische Cookies zu platzieren.<\/p>\n<p>5.3 Marketing- \/ Tracking-Cookies<\/p>\n<p>Marketing- \/ Tracking-Cookies sind Cookies oder eine andere Form der lokalen Speicherung, die zur Erstellung von Benutzerprofilen verwendet werden, um Werbung anzuzeigen oder den Benutzer auf dieser Website oder \u00fcber mehrere Websites hinweg f\u00fcr \u00e4hnliche Marketingzwecke zu verfolgen.<\/p>\n<p>5.4 Soziale-Medien-Schaltfl\u00e4che<\/p>\n<p>Auf unserer Website haben wir Buttons f\u00fcr eingef\u00fcgt, um Webseiten zu f\u00f6rdern (z.B. \u201cGef\u00e4llt mir\u201d , \u201cAnheften\u201d) oder zum Teilen (z.B. \u201cTweets\u201d) in sozialen Netzwerken wie . Diese Buttons verwenden einen Code, der von selbst stammt. Dieser Code platziert Cookies. Diese \u201cSoziale-Medien-Buttons\u201d k\u00f6nnen bestimmte Informationen speichern und verarbeiten, sodass Ihnen eine personalisierte Werbung angezeigt wird.<\/p>\n<p>Bitte lesen Sie die Datenschutzerkl\u00e4rung dieser sozialen Netzwerke (die sich regelm\u00e4\u00dfig \u00e4ndern kann), um zu erfahren, wie sie mit Ihren (pers\u00f6nlichen) Daten umgehen, die sie mithilfe dieser Cookies verarbeiten. Die abgerufenen Daten werden so weit wie m\u00f6glich anonymisiert.<\/p>\n<p>5.5. Platzierte Cookies<\/p>\n<p>Erstanbieter-Cookies<\/p>\n<table style=\"border-collapse: collapse; width: 100%;\">\n<tbody>\n<tr>\n<td style=\"width: 50%;\"><strong>Name\u00a0<\/strong><\/td>\n<td style=\"width: 50%;\"><strong>Domain<\/strong><\/td>\n<\/tr>\n<tr>\n<td style=\"width: 50%;\">PHPSESSID<\/td>\n<td style=\"width: 50%;\">spielekoffer24.de<\/td>\n<\/tr>\n<\/tbody>\n<\/table>\n<p>Drittanbieter-Cookies<\/p>\n<table style=\"border-collapse: collapse; width: 100%; height: 184px;\">\n<tbody>\n<tr style=\"height: 23px;\">\n<td style=\"width: 50%; height: 23px;\"><strong>Name<\/strong><\/td>\n<td style=\"width: 50%; height: 23px;\"><strong>Domain<\/strong><\/td>\n<\/tr>\n<tr style=\"height: 23px;\">\n<td style=\"width: 50%; height: 23px;\">_gcl_au<\/td>\n<td style=\"width: 50%; height: 23px;\">.spielekoffer24.de<\/td>\n<\/tr>\n<tr style=\"height: 23px;\">\n<td style=\"width: 50%; height: 23px;\">_ga<\/td>\n<td style=\"width: 50%; height: 23px;\">.spielekoffer24.de<\/td>\n<\/tr>\n<tr style=\"height: 23px;\">\n<td style=\"width: 50%; height: 23px;\">_gid<\/td>\n<td style=\"width: 50%; height: 23px;\">.spielekoffer24.de<\/td>\n<\/tr>\n<tr style=\"height: 23px;\">\n<td style=\"width: 50%; height: 23px;\">_gat_gtag_UA_183811471_1<\/td>\n<td style=\"width: 50%; height: 23px;\">.spielekoffer24.de<\/td>\n<\/tr>\n<tr style=\"height: 23px;\">\n<td style=\"width: 50%; height: 23px;\">YSC<\/td>\n<td style=\"width: 50%; height: 23px;\">.youtube.com<\/td>\n<\/tr>\n<tr style=\"height: 23px;\">\n<td style=\"width: 50%; height: 23px;\">VISITOR_INFO1_LIVE<\/td>\n<td style=\"width: 50%; height: 23px;\">.youtube.com<\/td>\n<\/tr>\n<tr style=\"height: 23px;\">\n<td style=\"width: 50%; height: 23px;\">IDE<\/td>\n<td style=\"width: 50%; height: 23px;\">.doubleclick.net<\/td>\n<\/tr>\n<\/tbody>\n<\/table>\n<p>\u00a0<\/p>\n<ol start=\"7\">\n<li><strong> Zustimmung <\/strong><\/li>\n<\/ol>\n<p>Wenn Sie unsere Website das erste Mal besuchst, zeigen wir Ihnen ein Pop-Up mit einer Erkl\u00e4rung \u00fcber Cookies. Sobald Sie auf \u201cAlle Cookies\u201d klicken, geben Sie uns dein Einverst\u00e4ndnis alle in diesem Pop-Up und in der Cookie-Richtlinie beschriebenen Cookies und Plug-Ins zu verwenden. Sie k\u00f6nnen die Verwendung von Cookies \u00fcber deinen Browser deaktivieren, aber bitte beachte, dass unsere Website dann unter Umst\u00e4nden nicht richtig funktioniert.<\/p>\n<ol start=\"8\">\n<li><strong> Ihre Rechte in Bezug auf pers\u00f6nliche Daten <\/strong><\/li>\n<\/ol>\n<p>Sie haben in Bezug auf Ihre pers\u00f6nlichen Daten die folgenden Rechte:<\/p>\n<ul>\n<li>Sie haben das Recht zu wissen, warum Ihre pers\u00f6nlichen Daten gebraucht werden, was mit ihnen passiert und wie lange diese verwahrt werden.<\/li>\n<li>Zugriffsrecht: Sie haben das Recht Ihre uns bekannten pers\u00f6nliche Daten einzusehen.<\/li>\n<li>Recht auf Berichtigung: Sie haben das Recht wann immer Sie w\u00fcnschen, deine pers\u00f6nlichen Daten zu erg\u00e4nzen, zu korrigieren sowie gel\u00f6scht oder blockiert zu bekommen.<\/li>\n<li>Wenn Sie uns Ihr Einverst\u00e4ndnis zur Verarbeitung Ihrer Daten gegeben haben, haben Sie das Recht dieses Einverst\u00e4ndnis zu widerrufen und Ihre pers\u00f6nlichen Daten l\u00f6schen zu lassen.<\/li>\n<li>Recht auf Datentransfer Ihrer Daten: Sie haben das Recht, alle Ihre pers\u00f6nlichen Daten von einem Kontrolleur anzufordern und in ihrer Gesamtheit zu einem anderen Kontrolleur zu transferieren.<\/li>\n<li>Widerspruchsrecht: Sie k\u00f6nnen der Verarbeitung Ihrer Daten widersprechen. Wir entsprechen dem, es sei denn es gibt berechtigte Gr\u00fcnde f\u00fcr die Verarbeitung.<\/li>\n<\/ul>\n<p>Um diese Rechte auszu\u00fcben kontaktiere uns bitte. Bitte beziehen Sie sich auf die Kontaktdaten am Ende dieser Cookie-Erkl\u00e4rung. Wenn Sie eine Beschwerde dar\u00fcber haben, wie wir Ihre Daten behandeln, w\u00fcrden wir diese gerne h\u00f6ren, aber du hast auch das Recht diese an die Aufsichtsbeh\u00f6rde (der Datenschutzbeh\u00f6rde) zu richten.<\/p>\n<ol start=\"9\">\n<li><strong> Aktivierung\/Deaktivierung und L\u00f6schung von Cookies <\/strong><\/li>\n<\/ol>\n<p>Sie k\u00f6nnen Ihren Internetbrowser verwenden um automatisch oder manuell Cookies zu l\u00f6schen. Sie k\u00f6nnen au\u00dferdem spezifizieren ob spezielle Cookies nicht platziert werden sollen. Eine andere M\u00f6glichkeit ist es Ihren Internetbrowser derart einzurichten, dass Sie jedes Mal benachrichtigt werden, wenn ein Cookie platziert wird. F\u00fcr weitere Information \u00fcber diese M\u00f6glichkeiten beachte die Anweisungen in der Hilfesektion Ihres Browsers.<\/p>\n<p>Bitte nehmen Sie zur Kentniss, dass unsere Website m\u00f6glicherweise nicht richtig funktioniert wenn alle Cookies deaktiviert sind. Wenn Sie die Cookies in Ihrem Browser l\u00f6schen, werden diese neuplatziert wenn Sie unsere Website erneut besuchst.<\/p>\n<ol start=\"10\">\n<li><strong> Kontaktdaten<\/strong><\/li>\n<\/ol>\n<p>F\u00fcr Fragen und\/oder Kommentare \u00fcber unsere Cookie-Richtlinien und diese Aussage kontaktiere uns bitte mittels der folgenden Kontaktdaten:<\/p>\n<p>Boris R\u00fctten<\/p>\n<p>Hardter Waldstra\u00dfe 146<\/p>\n<p>41169 M\u00f6nchengladbach<\/p>\n<p>Telefon: +49 (0)1632374893<\/p>\n<p>E-Mail: <a href=\"mailto:info@spielekoffer24.de\">info@spielekoffer24.de<\/a><\/p>\n<p>\u00a0<\/p>\n<p>Unsere Datenschutzerkl\u00e4rung finden Sie <a href=\"https:\/\/spielekoffer24.de\/index.php\/datenschutzbelehrung\/\">hier<\/a>.\u00a0<\/p>\n<p>Letzte Aktualisierung: 22.02.2021<\/p>\n","protected":false},"excerpt":{"rendered":"<p>Cookie Richtlinien Einf\u00fchrung Unsere Website,\u00a0http:\/\/spielekoffer24.de (im folgenden: \u201cDie Website\u201d) verwendet Cookies und \u00e4hnliche Technologien (der Einfachheit halber werden all diese unter \u201cCookies\u201d zusammengefasst). Cookies werden au\u00dferdem von uns beauftragten Drittparteien platziert. In dem unten stehendem Dokument informieren wir dich \u00fcber die Verwendung von Cookies auf unserer Website. Was sind Cookies Ein Cookie ist eine einfache [&hellip;]<\/p>\n","protected":false},"author":1,"featured_media":0,"parent":0,"menu_order":0,"comment_status":"closed","ping_status":"closed","template":"","meta":{"footnotes":""},"class_list":["post-11457","page","type-page","status-publish","hentry"],"aioseo_notices":[],"_links":{"self":[{"href":"https:\/\/spielekoffer24.de\/index.php\/wp-json\/wp\/v2\/pages\/11457","targetHints":{"allow":["GET"]}}],"collection":[{"href":"https:\/\/spielekoffer24.de\/index.php\/wp-json\/wp\/v2\/pages"}],"about":[{"href":"https:\/\/spielekoffer24.de\/index.php\/wp-json\/wp\/v2\/types\/page"}],"author":[{"embeddable":true,"href":"https:\/\/spielekoffer24.de\/index.php\/wp-json\/wp\/v2\/users\/1"}],"replies":[{"embeddable":true,"href":"https:\/\/spielekoffer24.de\/index.php\/wp-json\/wp\/v2\/comments?post=11457"}],"version-history":[{"count":7,"href":"https:\/\/spielekoffer24.de\/index.php\/wp-json\/wp\/v2\/pages\/11457\/revisions"}],"predecessor-version":[{"id":11510,"href":"https:\/\/spielekoffer24.de\/index.php\/wp-json\/wp\/v2\/pages\/11457\/revisions\/11510"}],"wp:attachment":[{"href":"https:\/\/spielekoffer24.de\/index.php\/wp-json\/wp\/v2\/media?parent=11457"}],"curies":[{"name":"wp","href":"https:\/\/api.w.org\/{rel}","templated":true}]}}