{"id":106,"date":"2016-02-06T11:52:30","date_gmt":"2016-02-06T10:52:30","guid":{"rendered":"http:\/\/spielekoffer24.de\/index.php\/versandarten\/"},"modified":"2025-02-19T17:23:17","modified_gmt":"2025-02-19T16:23:17","slug":"versandarten","status":"publish","type":"page","link":"https:\/\/spielekoffer24.de\/index.php\/versandarten\/","title":{"rendered":"Versandarten"},"content":{"rendered":"<h1 class=\"p1\"><span style=\"font-size: 14pt\"><b>Versandkosten\/ -arten<\/b><\/span><\/h1>\n<p class=\"p2\">F\u00fcr den Versand innerhalb von Deutschland berechnen wir pauschal pro Koffer-Bestellung 7,99 Euro. Der Koffer-Versand ist versichert und erfolgt \u00fcber DHL. Der Versand der Trennkarten innerhalb von Deutschland erfolgt auch \u00fcber die Deutsche Post. Die Versandkosten der Trennkarten richten sich nach dem Umfang der Bestellung:<br \/>\nTrennkarten unversicherter Standardversand: 1,95 Euro<br \/>\nTrennkartensets unversichert: 2,95 Euro<br \/>\nTrennkartensets versichert: 5,95 Euro<\/p>\n<p class=\"p2\">F\u00fcr den Versand nach \u00d6sterreich, Italien oder in die Schweiz fallen andere Geb\u00fchren an:<\/p>\n<p>International: Koffer &#8211; versicherter Versand: 22 Euro<br \/>\nInternational: Trennkarten &#8211; Standardtversand unversichert: 3,95 Euro<br \/>\nInternational: Trennkartensets &#8211; unversichert: 8,95 Euro<br \/>\nInternational: Trennkartensets &#8211; versichert: 14,95 EuroKo<\/p>\n<p class=\"p2\">Schweiz: Koffer versicherter Versand: 28,95 Euro<br \/>\nSchweiz: Trennkarten Standardtversand unversichert: 4,95 Euro<br \/>\nSchweiz: Trennkartensets unversichert: 14,95 Euro<br \/>\nSchweiz: Trennkartensets versichert: 28,95 Euro<\/p>\n<p class=\"p3\">Kontaktieren\u00a0Sie uns bitte vor der Bestellung \u00fcber <span class=\"s1\">info@Spielekoffer24.de<\/span> wenn Sie eine andere Art des Versandes w\u00fcnschen.<\/p>\n<h2 class=\"p1\"><span style=\"font-size: 14pt\"><b>Lieferzeit<\/b><\/span><\/h2>\n<p class=\"p2\">Wenn Sie bei uns im Rahmen einer Bestellung mehrere Artikel bestellen versenden wir die Ware in einer gemeinsamen Sendung, sofern wir mit Ihnen keine andere Vereinbarung getroffen haben.<\/p>\n<p class=\"p2\">Die Lieferzeit der Lieferung beginnt mit dem Tag des Zahlungseinganges.<\/p>\n<p class=\"p2\">Beim Versand nach \u00d6sterreich oder in die Schweiz\u00a0fallen zur angegebenen Lieferzeit zus\u00e4tzlich 5 Tage an.<\/p>\n<p>Unsere Zahlungsarten finden Sie <a href=\"https:\/\/spielekoffer24.de\/index.php\/bezahlmoeglichkeiten\/\">hier<\/a>.<\/p>\n","protected":false},"excerpt":{"rendered":"<p>Versandkosten\/ -arten F\u00fcr den Versand innerhalb von Deutschland berechnen wir pauschal pro Koffer-Bestellung 7,99 Euro. Der Koffer-Versand ist versichert und erfolgt \u00fcber DHL. Der Versand der Trennkarten innerhalb von Deutschland erfolgt auch \u00fcber die Deutsche Post. Die Versandkosten der Trennkarten richten sich nach dem Umfang der Bestellung: Trennkarten unversicherter Standardversand: 1,95 Euro Trennkartensets unversichert: 2,95 [&hellip;]<\/p>\n","protected":false},"author":1,"featured_media":0,"parent":0,"menu_order":0,"comment_status":"closed","ping_status":"closed","template":"","meta":{"footnotes":""},"class_list":["post-106","page","type-page","status-publish","hentry"],"aioseo_notices":[],"_links":{"self":[{"href":"https:\/\/spielekoffer24.de\/index.php\/wp-json\/wp\/v2\/pages\/106","targetHints":{"allow":["GET"]}}],"collection":[{"href":"https:\/\/spielekoffer24.de\/index.php\/wp-json\/wp\/v2\/pages"}],"about":[{"href":"https:\/\/spielekoffer24.de\/index.php\/wp-json\/wp\/v2\/types\/page"}],"author":[{"embeddable":true,"href":"https:\/\/spielekoffer24.de\/index.php\/wp-json\/wp\/v2\/users\/1"}],"replies":[{"embeddable":true,"href":"https:\/\/spielekoffer24.de\/index.php\/wp-json\/wp\/v2\/comments?post=106"}],"version-history":[{"count":10,"href":"https:\/\/spielekoffer24.de\/index.php\/wp-json\/wp\/v2\/pages\/106\/revisions"}],"predecessor-version":[{"id":13019,"href":"https:\/\/spielekoffer24.de\/index.php\/wp-json\/wp\/v2\/pages\/106\/revisions\/13019"}],"wp:attachment":[{"href":"https:\/\/spielekoffer24.de\/index.php\/wp-json\/wp\/v2\/media?parent=106"}],"curies":[{"name":"wp","href":"https:\/\/api.w.org\/{rel}","templated":true}]}}